{"id":115,"date":"2021-08-09T11:34:42","date_gmt":"2021-08-09T11:34:42","guid":{"rendered":"http:\/\/www.tul.org.pl\/wp\/?page_id=115"},"modified":"2022-03-16T07:30:02","modified_gmt":"2022-03-16T07:30:02","slug":"oddzial-regionalny-tul-we-wroclawiu","status":"publish","type":"page","link":"https:\/\/www.tul.org.pl\/wp\/?page_id=115","title":{"rendered":"Oddzia\u0142 Regionalny TUL we Wroc\u0142awiu"},"content":{"rendered":"\n<h2 class=\"wp-block-heading\">Prezes &#8211; Ewa Sawicka &#8211; Sienkiewicz<\/h2>\n\n\n\n<p><\/p>\n\n\n\n<p><\/p>\n\n\n\n<p>W latach 2001-2002 szukali\u015bmy kontaktu z organizacj\u0105, kt\u00f3ra mog\u0142aby nam pom\u00f3c w podnoszeniu kwalifikacji mieszka\u0144c\u00f3w obszar\u00f3w wiejskich, po naszym przeniesieniu do Rz\u0119dziszowic, wsi pod Wroc\u0142awiem. Mieli\u015bmy zamys\u0142, aby w \u0141ozinie powsta\u0142 O\u015brodek Szkoleniowy, kt\u00f3ry &#8211; podobnie jak uniwersytety ludowe &#8211; b\u0119dzie s\u0142u\u017cy\u0142 lokalnej spo\u0142eczno\u015bci. Niestety, nie zd\u0105\u017cyli\u015bmy ju\u017c spotka\u0107 si\u0119 z prof. Czes\u0142awem Opali\u0144skim, kt\u00f3ry by\u0142 w\u00f3wczas prezesem OR TUL we Wroc\u0142awiu. Po&nbsp;nawi\u0105zaniu kontaktu z Jadzi\u0105 Harasimowicz (dzi\u0119ki prof. dr hab. Andrzejowi Koteckiemu, Jej by\u0142emu uczniowi), kt\u00f3ra zaaprobowa\u0142a nasz\u0105 inicjatyw\u0119 oraz wsparciu wielu profesor\u00f3w Uniwersytetu Przyrodniczego (dawniej Akademii Rolniczej) rozpocz\u0119li\u015bmy dzia\u0142alno\u015b\u0107 edukacyjn\u0105. Wymieni\u0119 tu prof. dr hab. Zuzann\u0119 Borcz, wieloletniego wiceprezesa OR TUL we Wroc\u0142awiu, prof. dr hab. Jana Kaczmarka, dr&nbsp;Zbigniewa Kuriat\u0119, dr Dariusza Zalewskiego oraz dr Ann\u0119 Borcz.<\/p>\n\n\n\n<p>Takie by\u0142y pocz\u0105tki naszej dzia\u0142alno\u015bci i teraz, po ponad dwudziestoletniej pracy spo\u0142ecznej wiem, \u017ce wszystko zale\u017cy od ludzi, ich kreatywno\u015bci i dobrej wsp\u00f3\u0142pracy z&nbsp;lokalnymi Samorz\u0105dami, kt\u00f3re pomog\u0105 zyska\u0107 fundusze na tak\u0105 dzia\u0142alno\u015b\u0107.<\/p>\n\n\n\n<p>Odzia\u0142 Regionalny TUL we Wroc\u0142awiu dzia\u0142a przede wszystkim poprzez swoje jednostki terenowe, z kt\u00f3rych ka\u017cda obecnie realizuje nieco inne zadania, wymieni\u0119 tu:<\/p>\n\n\n\n<ul class=\"wp-block-list\"><li>Ko\u0142o \u015arodowiskowe w Miliczu,<\/li><li>Ko\u0142o TUL w S\u0142awie,<\/li><li>O\u015brodek Szkoleniowy w \u0141ozinie,<\/li><li>Ko\u0142o w Zgorzelcu (do roku 2016).<\/li><\/ul>\n\n\n\n<p>Zgodnie ze Statutem Towarzystwa Uniwersytet\u00f3w Ludowych poszczeg\u00f3lne ko\u0142a OR TUL we Wroc\u0142awiu realizowa\u0142y zadania, w\u015br\u00f3d kt\u00f3rych nale\u017cy wymieni\u0107: edukacj\u0119 ustawiczn\u0105, wspomaganie rozwoju osobistego oraz inicjatywy na rzecz podtrzymywania tradycji i krzewienia kultury.<\/p>\n\n\n\n<p><strong>Ko\u0142o \u015arodowiskowe w Miliczu Oddzia\u0142u Regionalnego TUL we&nbsp;Wroc\u0142awiu<\/strong><\/p>\n\n\n\n<p>Ko\u0142o \u015brodowiskowe TUL w Miliczu prowadzi Krystyna Weso\u0142owska (poprzednio jako prezes dzia\u0142a\u0142 \u015bp. Antoni Papli\u0144ski).<\/p>\n\n\n\n<p>Ko\u0142o organizuje spotkania noworoczne zawsze na pocz\u0105tku roku, kt\u00f3re obejmuj\u0105 wsp\u00f3lne kol\u0119dowanie oraz degustacj\u0119 tradycyjnych potraw wigilijnych, przygotowanych przez cz\u0142onk\u00f3w TUL.<\/p>\n\n\n\n<p>W 2017 r. na zako\u0144czenie rocznej dzia\u0142alno\u015bci zorganizowano w Miliczu spotkanie op\u0142atkowo-noworoczne ca\u0142ego Oddzia\u0142u Regionalnego TUL w \u201ePierogarni nad Zalewem\u201d. Na szczeg\u00f3lne podkre\u015blenie zas\u0142uguje pi\u0119kne wykonanie kol\u0119d przez zesp\u00f3\u0142 milicki. Ka\u017cda kol\u0119da poprzedzona by\u0142a kr\u00f3tk\u0105 histori\u0105 o autorze, jej powstaniu oraz tradycji \u015bpiewania. W spotkaniu wzi\u0119\u0142o udzia\u0142 ponad 60 os\u00f3b, w tym cz\u0142onkowie TUL z Wroc\u0142awia, \u0141oziny, D\u0142ugo\u0142\u0119ki i Bielawy.<\/p>\n\n\n\n<p>Przez ca\u0142y okres dzia\u0142alno\u015bci organizowane by\u0142y cykliczne spotkania (raz w&nbsp;miesi\u0105cu), maj\u0105ce na celu integracj\u0119 \u015brodowiska, nieustaj\u0105c\u0105 edukacj\u0119 oraz podtrzymywanie tradycji (przytocz\u0119 ostatnie lata):<\/p>\n\n\n\n<ul class=\"wp-block-list\"><li>prowadzono warsztaty plastyczne i \u015bpiewacze;<\/li><li>zorganizowano w Domu Kultury w Miliczu wiecz\u00f3r tw\u00f3rczo\u015bci poetyckiej Mariana Skowrona \u201eO Tej, kt\u00f3ra nie zgin\u0119\u0142a;<\/li><li>wykonywano palmy wielkanocne na konkurs, organizowany przez Dom Kultury w&nbsp;Miliczu, zosta\u0142y one wyr\u00f3\u017cnione za pomys\u0142owo\u015b\u0107 i oryginalno\u015b\u0107;<\/li><li>kultywowano wykonywanie pie\u015bni ludowych &#8211; wykonywano ozdoby Bo\u017conarodzeniowe.<\/li><\/ul>\n\n\n\n<p>Praktycznie co roku organizowano spotkania wiosenne &#8211; \u201emaj\u00f3wki\u201d, np. spotkanie przy kawie pt.: \u201eWiosna w przyrodzie i w naszych sercach\u201d oraz warsztaty \u015bpiewacze. \u201eMaj\u00f3wki\u201d odbywa\u0142y si\u0119 w miejscowo\u015bci Ostoja k\/Milicza. W spotkaniach tych brali udzia\u0142 cz\u0142onkowie TUL z \u0141oziny, Wroc\u0142awia oraz S\u0142awy.<\/p>\n\n\n\n<p>Z okazji jubileuszu UTW animatorka kultury, Krystyna Papli\u0144ska, wystawi\u0142a wsp\u00f3lnie z bibliotek\u0105 publiczn\u0105 swoje prace malarskie i plastyczne oraz r\u0119kodzie\u0142o. \u201eMa\u0142a Scena\u201d, zorganizowa\u0142a wiecz\u00f3r patriotyczny z okazji Dnia Niepodleg\u0142o\u015bci.<\/p>\n\n\n\n<p>W okresie jesienno-zimowym organizowano wieczory wspomnie\u0144, np.: \u201eOni nadal s\u0105 w\u015br\u00f3d nas\u201d \u2013 wiecz\u00f3r wspomnie\u0144 o TUL-owcach. Wiecz\u00f3r patriotyczny \u201eO tej, kt\u00f3ra nie zgin\u0119\u0142a\u201d, wyst\u0119py uczni\u00f3w Technikum Le\u015bniczego i wsp\u00f3lne \u015bpiewanie pie\u015bni patriotycznych (spotkanie pokole\u0144). \u201eAndrzejki\u201d TUL-owskie, w tym zabawy towarzyskie, zawsze pe\u0142ne humoru, a tak\u017ce warsztaty \u201eGimnastyka umys\u0142u\u201d.<\/p>\n\n\n\n<p>Cz\u0142onkowie TUL wsp\u00f3lnie ze stowarzyszeniem \u201eOwocowa Wie\u015b\u201d z Mi\u0142os\u0142awic wzi\u0119li udzia\u0142 w projekcie na wykonanie kart \u015bwi\u0105tecznych, wyrob\u00f3w z lnu, myde\u0142 glicerynowych i bi\u017cuterii oraz malowania na szkle.<\/p>\n\n\n\n<p>Udzia\u0142 cz\u0142onk\u00f3w TUL w wybranych tematycznie warsztatach (przy realizacji projektu \u201eAkademia Wiedzy Koniecznej, jako o\u015brodek lokalnej wiedzy i edukacji\u201d \u2013 Love):<\/p>\n\n\n\n<ul class=\"wp-block-list\"><li>warsztaty baristyczne;<\/li><li>warsztaty filmowo-teatralne;<\/li><li>warsztaty florystyczne;<\/li><li>zio\u0142olecznictwo;<\/li><li>mi\u0119dzykulturowo\u015b\u0107;<\/li><li>warsztaty plastyczne;<\/li><li>warsztaty kulinarne.<\/li><\/ul>\n\n\n\n<p>Ko\u0142o \u015arodowiskowe w Miliczu poprzez swoich cz\u0142onk\u00f3w wsp\u00f3\u0142pracuje ze stowarzyszeniami i organizacjami pozarz\u0105dowym, takimi, jak: Diabetycy, UTW, Amazonki i Stowarzyszenie nad Barycz\u0105 \u201eOwocowa Wie\u015b\u201d.<\/p>\n\n\n\n<p><strong>Ko\u0142o w S\u0142awie Oddzia\u0142u Regionalnego TUL we Wroc\u0142awiu<\/strong><\/p>\n\n\n\n<p>Ko\u0142o w S\u0142awie prowadzi Urszula Dro\u017cd\u017cy\u0144ska.<\/p>\n\n\n\n<p>Dzia\u0142alno\u015b\u0107 nakierowana jest g\u0142\u00f3wnie na prac\u0119 z m\u0142odzie\u017c\u0105 z Zespo\u0142u Szk\u00f3\u0142 Ponadgimnazjalnych (obecnie \u2013 ponadpodstawowych). Szczeg\u00f3ln\u0105 uwag\u0119 zwr\u00f3cono na rozw\u00f3j kulturowy, rozbudzanie uczu\u0107 patriotycznych i budowanie postawy humanistycznej u uczni\u00f3w.<\/p>\n\n\n\n<p>W Zameczku My\u015bliwskim w Tarnowie Jeziernym k\/S\u0142awy Ko\u0142o w S\u0142awie zorganizowa\u0142o dla cz\u0142onk\u00f3w OR TUL we Wroc\u0142awiu seminarium, po\u015bwi\u0119cone genealogii jako drogi prowadz\u0105cej do poznania w\u0142asnej rodziny. W programie by\u0142o zwiedzanie miasta: \u201ePoznaj S\u0142aw\u0119\u201d oraz wyk\u0142ad pana Andrzeja Szczud\u0142o na temat: \u201eGenealogie \u2013 si\u0119gamy do korzeni\u201d sposoby na poszukiwanie historii rodziny (Zesp\u00f3\u0142 Szk\u00f3\u0142 Ponadgimnazjalnych \u2013 ZSP). Nast\u0119pnie w Tarnowie Jeziernym odby\u0142 si\u0119 wiecz\u00f3r \u015bwi\u0119toja\u0144ski przy ognisku, a w programie \u201ePoszukiwanie kwiatu paproci\u201d.<\/p>\n\n\n\n<p>Corocznie grupa uczni\u00f3w i rodzic\u00f3w uczestniczy\u0142a w wyk\u0142adach, prezentacjach i pokazach, zorganizowanych w ramach Dolno\u015bl\u0105skiego Festiwalu Nauki we Wroc\u0142awiu.<\/p>\n\n\n\n<p>Mieszka\u0144cy gminy Wijewo i S\u0142awa oraz uczniowie ZSP (46 os\u00f3b) brali udzia\u0142 w corocznie organizowanym we Wroc\u0142awskim Ogrodzie Botanicznym \u201eFestiwalu Dyni\u201d, a uczniowie otrzymali wyr\u00f3\u017cnienie za dyniowy tort. W kolejnym roku mia\u0142 miejsce wyjazd na \u201eFestiwal Dyni\u201d do Wroc\u0142awia, w kt\u00f3rym wzi\u0119\u0142o udzia\u0142 pi\u0119\u0107dziesi\u0105t sze\u015b\u0107 os\u00f3b z gminy S\u0142awa i Wijewo. Na tym festiwalu zosta\u0142a wyr\u00f3\u017cniona potrawa z&nbsp;dyni, przygotowana przez mieszka\u0144c\u00f3w z Wijewa. Ponadto zorganizowano gminn\u0105 akademi\u0119 w S\u0142awie z okazji rocznicy uchwalenia Konstytucji 3 Maja oraz wyjazd sze\u015b\u0107dziesi\u0119ciu sze\u015bciu os\u00f3b na Jarmark Bo\u017conarodzeniowy do Wroc\u0142awia.<\/p>\n\n\n\n<p>W ramach poszerzania wiedzy o \u015bwiecie i kulturze dla uczni\u00f3w Zespo\u0142u Szk\u00f3\u0142 Ponadgimnazjalnych w S\u0142awie organizowane by\u0142y cykliczne wyjazdy do Wroc\u0142awia na spektakle teatralne i spotkania z lud\u017ami teatru. Zainteresowanie tego rodzaju dzia\u0142alno\u015bci\u0105 spowodowa\u0142o poszerzenie grona os\u00f3b bior\u0105cych udzia\u0142 w spotkaniach wyjazdowych o rodzic\u00f3w uczni\u00f3w. Dyskusje prowadzone po powrocie do S\u0142awy \u015bwiadcz\u0105 o potrzebie i korzy\u015bciach takiej dzia\u0142alno\u015bci edukacyjnej w ramach TUL.<\/p>\n\n\n\n<p>Ko\u0142o prowadzi dzia\u0142alno\u015b\u0107 na rzecz rozwoju kulturowego w S\u0142awie. W ci\u0105gu ostatnich lat zorganizowano liczne wyjazdy do teatr\u00f3w we Wroc\u0142awiu:<\/p>\n\n\n\n<ul class=\"wp-block-list\"><li>dwukrotnie uczniowie wybrali si\u0119 na sztuk\u0119 \u201eSzalone no\u017cyczki\u201d, wystawian\u0105 w&nbsp;Teatrze Komedia we Wroc\u0142awiu (pierwszy wyjazd zgromadzi\u0142 pi\u0119\u0107dziesi\u0119ciu trzech uczestnik\u00f3w, a kolejny \u2013 dwudziestu dw\u00f3ch);<\/li><li>na sztuki pt.: \u201eNap\u00f3j mi\u0142osny\u201d oraz \u201eSkrzypek na dachu\u201d do Opery Wroc\u0142awskiej uda\u0142o si\u0119 ponad pi\u0119\u0107dziesi\u0119ciu mieszka\u0144c\u00f3w gminy S\u0142awa i Wijewo;<\/li><li>na sztuk\u0119 \u201eMayday 2\u201d oraz \u201eZ Twoj\u0105 c\u00f3rk\u0105? Nigdy!\u201d w Teatrze Komedia obejrza\u0142o czterdziestu dziewi\u0119ciu uczni\u00f3w szko\u0142y w S\u0142awie;<\/li><li>wyjazd na spektakl przedpremierowy sztuki \u201eDamski biznes\u201d we wroc\u0142awskim Teatrze Komedia zainteresowa\u0142 r\u00f3wnie\u017c liczn\u0105 grup\u0119 mieszka\u0144c\u00f3w gminy S\u0142awa i&nbsp;Wijewo.<\/li><\/ul>\n\n\n\n<p>W ramach podsumowania realizacji innowacji pedagogicznej \u201ePolubi\u0107 teatr\u201d, przeprowadzono konkurs wiedzy o teatrze, u\u015bwietniony wizyt\u0105 w S\u0142awie aktor\u00f3w Wroc\u0142awskiego Teatru Komedia.<\/p>\n\n\n\n<p>Ponadto wystawiono w szkole w S\u0142awie spektakl: \u201eCzas Wigilii, czas spokoju\u201d, kt\u00f3ry spo\u0142eczno\u015b\u0107 szkolna mia\u0142a okazj\u0119 zobaczy\u0107 w okresie przed\u015bwi\u0105tecznym.<\/p>\n\n\n\n<p>Ko\u0142o w S\u0142awie organizowa\u0142o sesje krajowe. W dniach 30 lipca &#8211; 5 sierpnia 2018 r. zorganizowa\u0142o og\u00f3lnopolsk\u0105 sesj\u0119 letni\u0105 TUL, kt\u00f3rej temat brzmia\u0142: \u201eBy\u0107 Polakiem, by\u0107 Europejczykiem na pograniczu Lubuskiego i Wielkopolski\u201d. Uroczystego otwarcia sesji dokona\u0142a prezes ZK TUL El\u017cbieta Gniazdowska i mgr Urszula Dro\u017cd\u017cy\u0144ska &#8211; organizatorka ca\u0142ej sesji letniej TUL w S\u0142awie. Go\u015bci przywita\u0142 dyr. Zespo\u0142u Szk\u00f3\u0142 Ponadgimnazjalnych im. D. Ch\u0142apowskiego w S\u0142awie Edwarda Boksa. Wyk\u0142ad inauguracyjny pt.: \u201eBy\u0107 Polakiem, by\u0107 Europejczykiem\u201d wyg\u0142osi\u0142 prof. Andrzej Leszczy\u0144ski.<\/p>\n\n\n\n<p>W ramach programu sesji zwiedzono z przewodnikiem najciekawsze zak\u0105tki S\u0142awy, odby\u0142 si\u0119 rejs po Jeziorze S\u0142awskim stateczkiem \u201eLubuszanin\u201d. Zorganizowano te\u017c wycieczk\u0119 autokarow\u0105 do miasta kr\u00f3lewskiego Wschowy. W programie by\u0142o tak\u017ce: spotkanie z przedstawicielami w\u0142adz powiatu i stowarzyszenia \u201eWschowa w Europie\u201d oraz zwiedzanie Lapidarium, Klasztoru Franciszkan\u00f3w, Zboru Ewangelickiego, Zamku Kr\u00f3lewskiego itd. Uczestnicy sesji TUL z\u0142o\u017cyli wizyt\u0119 w gminie Wijewo i spotkali si\u0119 z jej w\u00f3jtem Mieczys\u0142awem Dro\u017cd\u017cy\u0144skim. Pierwszy laureat tytu\u0142u \u201eZas\u0142u\u017cony dla Kultury Gminy Wijewo\u201d, Kazimierz Wolniczak opowiedzia\u0142 o miejscowych zwyczajach ludowych. W ramach spotkania mia\u0142a miejsce prezentacja filmu o Bartku z piek\u0142a, ludowym m\u0119drcu z Miastka. Druga cz\u0119\u015b\u0107 wizyty to prezentacja pt.: \u201eGmina Wijewo i jej bohaterowie\u201d (Przemys\u0142aw Zielnica i J\u00f3zef Wojciech).<\/p>\n\n\n\n<p>Odby\u0142 si\u0119 wiecz\u00f3r z pani\u0105 Hann\u0105 Olejniczak-Zaworonko i grup\u0105 go\u015bci z Pary\u017ca oraz pracuj\u0105cymi w S\u0142awie obywatelami Ukrainy, uczestnikami projektu edukacyjnego, realizowanego w ZSP S\u0142awa, rozmawiano o \u201etolerancji, ksenofobii\u201d.<\/p>\n\n\n\n<p>O pocz\u0105tkach przemys\u0142u przetw\u00f3rstwa mi\u0119sa w S\u0142awie dowiedzieli\u015bmy si\u0119 podczas spotkania Klaudiuszem Balcerzakiem, przewodnicz\u0105cym Komisji ds. Promocji Produkt\u00f3w Tradycyjnych i Regionalnych w Sejmiku Wojew\u00f3dztwa Lubuskiego. Uczestnicy sesji wzi\u0119li te\u017c udzia\u0142 w korowodzie i innych imprezach \u201eDni S\u0142awy\u201d.<\/p>\n\n\n\n<p>Podczas sesji odbywa\u0142y si\u0119 warsztaty teatralne, prowadzone przez Dorot\u0119 Wierzbick\u0105-Mattarelli, aktork\u0119 teatraln\u0105 i filmow\u0105 z Wroc\u0142awia oraz florystyczne, kt\u00f3re przygotowa\u0142 nauczyciel plastyki ze szko\u0142y w S\u0142awie.<\/p>\n\n\n\n<p><strong>O\u015brodek Szkoleniowy w \u0141ozinie Oddzia\u0142u Regionalnego TUL we Wroc\u0142awiu<\/strong><\/p>\n\n\n\n<p>O\u015brodek Szkoleniowy w \u0141ozinie Oddzia\u0142u Regionalnego TUL we Wroc\u0142awiu prowadzi\u0142a prof. dr hab. Ewa Sawicka-Sienkiewicz.<\/p>\n\n\n\n<p>W okresie sprawozdawczym w O\u015brodku Szkoleniowym w \u0141ozinie prowadzone by\u0142y coroczne warsztaty dla mieszka\u0144c\u00f3w wsi \u0141ozina i okolicznych miejscowo\u015bci z&nbsp;zakresu ceramiki, florystyki, malarstwa, j\u0119zyka niemieckiego i obs\u0142ugi komputera, stanowi\u0105ce kontynuacj\u0119 z lat poprzednich. Ze wzgl\u0119du na specyfik\u0119 \u015brodowiska na wsi warsztaty by\u0142y organizowane w okresie jesienno-zimowym.<\/p>\n\n\n\n<p>Podtrzymywane by\u0142y tak\u017ce kontakty z Uniwersytetem Przyrodniczym we Wroc\u0142awiu. Organizowano wystawy prac z ceramiki i bukieciarstwa, wykonanych podczas szkole\u0144. W\u015br\u00f3d zaproszonych go\u015bci znale\u017ali si\u0119 wyk\u0142adowcy, przedstawiciele Zespo\u0142u Szk\u00f3\u0142 w \u0141ozinie, Ko\u0142a w Miliczu oraz mieszka\u0144cy \u0141oziny.<\/p>\n\n\n\n<p>W latach 2015-2017 zorganizowano nieodp\u0142atne szkolenia komputerowe dla pocz\u0105tkuj\u0105cych, obejmuj\u0105ce sze\u015b\u0107dziesi\u0119ciogodzinny program zaj\u0119\u0107 podczas dwunastu spotka\u0144. Firma SUPERSONIC oraz Towarzystwo Mi\u0142o\u015bnik\u00f3w Chrz\u0105stawy wsp\u00f3lnie z&nbsp;O\u015brodkiem Szkoleniowym w \u0141ozinie zorganizowano kursy komputerowe dla os\u00f3b w&nbsp;wieku od dwudziestu sze\u015bciu do ponad sze\u015b\u0107dziesi\u0119ciu lat. Kurs obejmowa\u0142 nast\u0119puj\u0105ce bloki tematyczne: obs\u0142uga systemu Microsoft Windows, przetwarzanie tekst\u00f3w oraz przegl\u0105danie stron internetowych. Dzi\u0119ki wsp\u00f3\u0142finansowaniu przez Uni\u0119 Europejsk\u0105 udzia\u0142 w kursie by\u0142 bezp\u0142atny. Firma SUPERSONIC zapewni\u0142a wykwalifikowana kadr\u0119 trenersk\u0105, indywidualny dost\u0119p do komputer\u00f3w, podr\u0119czniki oraz mo\u017cliwo\u015b\u0107 uzyskania certyfikatu ECDL.<\/p>\n\n\n\n<p>Co roku, w maju, odbywa\u0142y si\u0119 spotkania z okazji Dnia Matki, na kt\u00f3rych tradycyjnie wyst\u0119powa\u0142y dzieci ze szko\u0142y podstawowej w \u0141ozinie. Zapraszano tak\u017ce do udzia\u0142u w spotkaniach najstarsze mieszkanki \u0141oziny.<\/p>\n\n\n\n<p>Uczestnicy grupy plastycznej brali udzia\u0142 w warsztatach plastycznych z rysunku i malarstwa, kt\u00f3re odby\u0142y si\u0119 we Wroc\u0142awiu, w pracowni dr Anny Borcz. Uczestniczki warsztat\u00f3w wycina\u0142y z papieru i malowa\u0142y go\u0142\u0119bie, kt\u00f3rymi ozdobiony by\u0142 most pomorski we Wroc\u0142awiu, podczas obchod\u00f3w Dni Wroc\u0142awia.<\/p>\n\n\n\n<p>W okresie jesienno-zimowym, dzi\u0119ki otrzymywanemu dofinansowaniu przeprowadzono nowy cykl szkole\u0144 w ramach realizacji zadania publicznego, dofinansowanego przez gmin\u0119 D\u0142ugo\u0142\u0119ka: \u201eDzia\u0142alno\u015b\u0107 wspomagaj\u0105ca rozw\u00f3j spo\u0142eczno\u015bci wsp\u00f3lnot i spo\u0142eczno\u015bci lokalnych\u201d.<\/p>\n\n\n\n<p>Zorganizowano nast\u0119puj\u0105ce warsztaty: bukieciarstwo, ceramika, modelowanie i&nbsp;szycie, bi\u017cuteria r\u0119cznie robiona, rysunek i malarstwo oraz kurs j\u0119zyka niemieckiego. Wykonane w ramach warsztat\u00f3w wyroby z ceramiki i bukieciarstwa oraz modelowania i szycia by\u0142y wystawione na kiermaszu \u015bwi\u0105tecznym organizowanym w D\u0142ugo\u0142\u0119ce w&nbsp;siedzibie gminy.<\/p>\n\n\n\n<p>W 2018 r. realizowano tak\u017ce zadanie publiczne pt.: \u201eTradycja, kultura i edukacja drog\u0105 do integracji spo\u0142eczno\u015bci wiejskiej w \u0141ozinie\u201d w ramach zadania publicznego \u2013 przeprowadzono warsztaty z zakresu malarstwa, modelowania i szycia, koronkarstwa (szyde\u0142kowanie) oraz zaawansowany kurs j\u0119zyka niemieckiego.<\/p>\n\n\n\n<p>We wsp\u00f3\u0142pracy ze Stowarzyszeniem KRAM (Stowarzyszenie Krzewienia R\u0119kodzie\u0142a Artystycznego Mistrz\u00f3w) prowadzono dodatkowo warsztaty: decoupage oraz maskotki.<\/p>\n\n\n\n<p>Zorganizowane zosta\u0142y r\u00f3wnie\u017c zaj\u0119cia z gimnastyki, kt\u00f3re pozwalaj\u0105 na dbanie o zdrowie i utrzymanie dobrej formy fizycznej.<\/p>\n\n\n\n<p>Dodatkowo w\u0142\u0105czyli\u015bmy do programu spotkania okoliczno\u015bciowe (Dzie\u0144 Matki, Op\u0142atek itp.) po\u0142\u0105czone ze spotkaniami z ciekawymi lud\u017ami w celu integracji lokalnego spo\u0142ecze\u0144stwa.<\/p>\n\n\n\n<p>Wyk\u0142ady i prelekcje<\/p>\n\n\n\n<p>Inauguracja sezonu warsztat\u00f3w nast\u0119puje w okresie jesienno-zimowym, gdy nie ma ju\u017c nasilenia intensywnych prac polowych. Na og\u00f3\u0142 warsztatom towarzyszy wyk\u0142ad z prezentacj\u0105 multimedialn\u0105 przedstawicieli r\u00f3\u017cnych dziedzin nauki z uczelni wroc\u0142awskich. Warto zwr\u00f3ci\u0107 uwag\u0119 na wyk\u0142ady z dziedziny sztuki: architektury, malarstwa i rze\u017aby, wyg\u0142oszone przez pracownik\u00f3w naukowych Uniwersytetu Przyrodniczego we Wroc\u0142awiu, kierunku: architektura krajobrazu: prof. dr hab. in\u017c. arch. Zuzanna Borcz wyg\u0142osi\u0142a prelekcj\u0119 pt.: \u201eHistoria ogrod\u00f3w\u201d, dr in\u017c. Zbigniew Kuriata wyg\u0142osi\u0142 referat zatytu\u0142owany \u201eOdnowa polskiej wsi na Dolnym \u015al\u0105sku\u201d, za\u015b dr Anna Borcz przedstawi\u0142a dwie prezentacje: \u201e\u017bycie ludzi w gotyckim mie\u015bcie\u201d oraz \u201eCo fotografia da\u0142a impresjonistom\u201d. W ramach \u201eSpotka\u0144 z Ciekawymi Lud\u017ami\u201d Wanda Fok m\u00f3wi\u0142a o historii ubioru, przedstawiaj\u0105c krawiectwo i stroje z dawnych epok. Stroje by\u0142y zawsze dostosowane do r\u00f3\u017cnych stan\u00f3w spo\u0142ecznych i wieku os\u00f3b je nosz\u0105cych. Prelegentka nale\u017cy do Klubu Ludzi Tw\u00f3rczych i Artyst\u00f3w w Ska\u0142ce k\/K\u0105t\u00f3w Wroc\u0142awskich. Podczas wspomnianych spotka\u0144 organizowanych wsp\u00f3lnie z&nbsp;Bibliotek\u0105 w \u0141ozinie mo\u017cna by\u0142o r\u00f3wnie\u017c bli\u017cej pozna\u0107 prace Antoniego Tuerle \u2013 pszczelarza z Namys\u0142owa. W tym roku Zofia Klonowska opowiedzia\u0142a o wyprawie do Ameryki Centralnej, w kt\u00f3rej bra\u0142a udzia\u0142 \u201eOd Panamy do Meksyku\u201d. Podczas tego wyk\u0142adu przybli\u017cy\u0142a obecnym histori\u0119, geografi\u0119 i zwyczaje ludzi, \u017cyj\u0105cych w tamtych krajach. Spotkanie to zosta\u0142o zorganizowane z okazji Dnia Matki w 2015 r. Podczas spotkania \u201eprzy kawie\u201d na rozpocz\u0119cie zaj\u0119\u0107 mgr Maria Dydko poprowadzi\u0142a ciekaw\u0105 dyskusj\u0119 na temat praw pacjenta.<\/p>\n\n\n\n<p>Dzia\u0142alno\u015b\u0107 nasza ma na celu sta\u0142e wspomaganie rozwoju spo\u0142eczno\u015bci lokalnych, poprzez samokszta\u0142cenie, wsp\u00f3ln\u0105 prac\u0119 i poszerzanie wiedzy. W ramach tych spotka\u0144 przeprowadzono prelekcje na temat zagro\u017cenia chorobami cywilizacyjnymi \u2013 ze szczeg\u00f3lnym zwr\u00f3ceniem uwagi na problem cukrzycy \u2013 dr Agnieszka Szyde\u0142ko oraz potrzeb\u0119 urozmaiconej diety \u2013 \u201eRola fitosk\u0142adnik\u00f3w oraz potrzeba indywidualnej suplementacji dla zdrowia\u201d \u2013 prof. Ewa Sawicka-Sienkiewicz.<\/p>\n\n\n\n<p>Sesje krajowe<\/p>\n\n\n\n<p>Oddzia\u0142 Regionalny TUL we Wroc\u0142awiu w roku 2015 zorganizowa\u0142 og\u00f3lnopolsk\u0105 \u201eWieczerz\u0119 Wigilijn\u0105\u201d w Zawoni. Noclegi przygotowano w zabytkowym hotelu \u201eStraszny M\u0142yn\u201d w Czeszowie. Zwiedzali\u015bmy Bazylik\u0119 Mniejsz\u0105 \u2013 Sanktuarium pod wezwaniem \u015bw. Jadwigi w Trzebnicy, wys\u0142uchali\u015bmy koncertu poezji \u015bpiewanej w&nbsp;wykonaniu Beaty Sielickiej-Kowalskiej w zabytkowym ko\u015bciele w Z\u0142otowie. Przygotowano wystaw\u0119 prac z zakresu malarstwa, kt\u00f3re by\u0142y wykonane przez uczestnik\u00f3w warsztat\u00f3w z \u0141oziny, w GOK w Zawoni, gdzie odby\u0142a si\u0119 tradycyjna Biesiada Wigilijna, potrawy tradycyjne przygotowa\u0142a grupa Ko\u0142a Senior\u00f3w z Zawoni.<\/p>\n\n\n\n<p>Wielu cz\u0142onk\u00f3w OR TUL uczestniczy\u0142o w sesjach, organizowanych przez Zarz\u0105d Krajowy TUL. Wszystkie wymienione jednostki terenowe OR TUL niejednokrotnie go\u015bci\u0142y cz\u0142onk\u00f3w organizacji na spotkaniach og\u00f3lnopolskich. Na podkre\u015blenie zas\u0142uguje aktywno\u015b\u0107 wielu os\u00f3b i nie spos\u00f3b wymieni\u0107 ich wszystkich.<\/p>\n\n\n\n<p>Dzia\u0142anie w OR TUL we Wroc\u0142awiu prowadzili\u015bmy razem z moim m\u0119\u017cem Andrzejem Sienkiewiczem (dop\u00f3ki mu zdrowie pozwoli\u0142o).<\/p>\n\n\n\n<p><strong>\u015arodowiskowe Ko\u0142o w Zgorzelcu Oddzia\u0142u Regionalnego TUL we&nbsp;Wroc\u0142awiu<\/strong><\/p>\n\n\n\n<p>\u015arodowiskowe Ko\u0142o w Zgorzelcu Oddzia\u0142u Regionalnego TUL we Wroc\u0142awiu prowadzi\u0142 Henryk R\u00f3\u017ca\u0144ski.<\/p>\n\n\n\n<p>W roku 2015 kontynuowa\u0142o dotychczasow\u0105 dzia\u0142alno\u015b\u0107, bior\u0105c czynny udzia\u0142 w&nbsp;zebraniach, organizowanych przez inne Stowarzyszenia (Transgraniczny Uniwersytet Trzeciego Wieku, TRAMP, Stowarzyszenie Diabetyk\u00f3w itp.). W styczniu 2016 r. dotychczasowy prezes ko\u0142a, Henryk R\u00f3\u017ca\u0144ski, przes\u0142a\u0142 decyzj\u0119 o rozwi\u0105zaniu Ko\u0142a w Zgorzelcu.<\/p>\n\n\n\n<p>Prof. dr hab. Ewa Sawicka-Sienkiewicz, prezes Oddzia\u0142u Regionalnego Towarzystwa Uniwersytet\u00f3w Ludowych we Wroc\u0142awiu<\/p>\n","protected":false},"excerpt":{"rendered":"<p>Prezes &#8211; Ewa Sawicka &#8211; Sienkiewicz W latach 2001-2002 szukali\u015bmy kontaktu z organizacj\u0105, kt\u00f3ra mog\u0142aby nam pom\u00f3c w podnoszeniu kwalifikacji [&hellip;]<\/p>\n","protected":false},"author":1,"featured_media":0,"parent":0,"menu_order":0,"comment_status":"closed","ping_status":"closed","template":"","meta":{"ngg_post_thumbnail":0,"footnotes":""},"class_list":["post-115","page","type-page","status-publish","hentry"],"_links":{"self":[{"href":"https:\/\/www.tul.org.pl\/wp\/index.php?rest_route=\/wp\/v2\/pages\/115","targetHints":{"allow":["GET"]}}],"collection":[{"href":"https:\/\/www.tul.org.pl\/wp\/index.php?rest_route=\/wp\/v2\/pages"}],"about":[{"href":"https:\/\/www.tul.org.pl\/wp\/index.php?rest_route=\/wp\/v2\/types\/page"}],"author":[{"embeddable":true,"href":"https:\/\/www.tul.org.pl\/wp\/index.php?rest_route=\/wp\/v2\/users\/1"}],"replies":[{"embeddable":true,"href":"https:\/\/www.tul.org.pl\/wp\/index.php?rest_route=%2Fwp%2Fv2%2Fcomments&post=115"}],"version-history":[{"count":6,"href":"https:\/\/www.tul.org.pl\/wp\/index.php?rest_route=\/wp\/v2\/pages\/115\/revisions"}],"predecessor-version":[{"id":1375,"href":"https:\/\/www.tul.org.pl\/wp\/index.php?rest_route=\/wp\/v2\/pages\/115\/revisions\/1375"}],"wp:attachment":[{"href":"https:\/\/www.tul.org.pl\/wp\/index.php?rest_route=%2Fwp%2Fv2%2Fmedia&parent=115"}],"curies":[{"name":"wp","href":"https:\/\/api.w.org\/{rel}","templated":true}]}}