{"id":124,"date":"2021-08-09T11:38:39","date_gmt":"2021-08-09T11:38:39","guid":{"rendered":"http:\/\/www.tul.org.pl\/wp\/?page_id=124"},"modified":"2022-03-16T07:33:51","modified_gmt":"2022-03-16T07:33:51","slug":"oddzial-regionalny-tul-w-piotrkowie-trubunalskim","status":"publish","type":"page","link":"https:\/\/www.tul.org.pl\/wp\/?page_id=124","title":{"rendered":"Oddzia\u0142 Regionalny TUL w Piotrkowie Trubunalskim"},"content":{"rendered":"\n<h2 class=\"wp-block-heading\">Prezes &#8211; Teresa Janicka &#8211; Panek<\/h2>\n\n\n\n<h2 class=\"wp-block-heading\"><strong>Dzia\u0142alno\u015b\u0107 Oddzia\u0142u Regionalnego TUL w&nbsp;Piotrkowie Trybunalskim<\/strong><\/h2>\n\n\n\n<p>Wszystko zacz\u0119\u0142o si\u0119 w dniu 11 grudnia 1991 r., kiedy to do Piotrkowa Trybunalskiego, do siedziby biura PSL, przyby\u0142a z misj\u0105 utworzenia Oddzia\u0142u Regionalnego TUL Kole\u017canka Zofia Kaczor-J\u0119drzycka, prezes Zarz\u0105du Krajowego TUL, w towarzystwie cz\u0142onka Zarz\u0105du Krajowego TUL, zas\u0142u\u017conego dzia\u0142acza o\u015bwiaty rolniczej &#8211; dyrektora Janusza Dzier\u017cawskiego. Po od\u015bpiewaniu pie\u015bni<em> B\u0142ogos\u0142awiona dobro\u0107 cz\u0142owiek <\/em>g\u0142os zabra\u0142a prezes Zofia Kaczor-J\u0119drzycka, kt\u00f3ra swym aksamitnym g\u0142osem, z pe\u0142nym zaanga\u017cowaniem i entuzjazmem przedstawi\u0142a kr\u00f3tki zarys historii uniwersytet\u00f3w ludowych oraz idee tego odradzaj\u0105cego si\u0119 ruchu i jego zadania statutowe. Na sali zebra\u0142a si\u0119, licz\u0105ca trzydzie\u015bci trzy osoby, grupa cz\u0142onk\u00f3w &#8211; za\u0142o\u017cycieli Oddzia\u0142u, a w\u015br\u00f3d nich: przysz\u0142y wicepremier &#8211; Roman Jagieli\u0144ski, wojewoda Piotrkowski &#8211; Andrzej Szczepocki, rektor Filii Uniwersytetu Jana Kochanowskiego w&nbsp;Piotrkowie Trybunalskim &#8211; prof. dr hab. Jerzy Kukulski. Uczestnikami zjazdu byli tak\u017ce: przysz\u0142y wicewojewoda \u0141\u00f3dzki (obecnie prof. SGGW) &#8211; S\u0142awomir Juszczyk, kilku dyrektor\u00f3w wydzia\u0142\u00f3w Urz\u0119du Wojew\u00f3dzkiego, dyrektorzy szk\u00f3\u0142 rolniczych, naczelnicy gmin i&nbsp;sympatycy uniwersytet\u00f3w ludowych. Zebrani jednog\u0142o\u015bnie postanowili powo\u0142a\u0107 Oddzia\u0142 i&nbsp;wybrali jego w\u0142adze na czele z&nbsp;prezesem, kt\u00f3rym zosta\u0142 dr Zygmunt Wieczorek i&nbsp;wiceprezesami: prof. dr hab. Jerzym Kukulskim i mgr in\u017c. Stanis\u0142awem Banaszkiem, sekretarzem zosta\u0142a in\u017c. Zofia Stachaczyk.<\/p>\n\n\n\n<p>Zarz\u0105d niezw\u0142ocznie przyst\u0105pi\u0142 do dzia\u0142ania, przyjmuj\u0105c plan pracy. Dzia\u0142ania Oddzia\u0142u zosta\u0142y skierowane na dotarcie z ide\u0105 uniwersytet\u00f3w ludowych do szerokiej rzeszy nauczycieli i uczni\u00f3w szk\u00f3\u0142 \u015brednich wojew\u00f3dztwa piotrkowskiego. Ju\u017c na pierwszym posiedzeniu Zarz\u0105du podj\u0119to decyzje o powo\u0142aniu:<\/p>\n\n\n\n<ul class=\"wp-block-list\"><li>Nauczycielskiego Uniwersytetu Ludowego w Zespole Szk\u00f3\u0142 Rolniczych w Dobryszycach &#8211; pod kierunkiem kol. S\u0142awomira Juszczyka;<\/li><li>\u015arodowiskowego Uniwersytetu Ludowego i Muzeum Ludowego w&nbsp;Przedborzu &#8211; pod kierunkiem nauczyciela szko\u0142y rolniczej, lokalnego kolekcjonera eksponat\u00f3w muzealnych &#8211; Tadeusza Michalskiego;<\/li><li>Wszechnicy Ludowej w Piotrkowie Trybunalskim dla dzia\u0142aczy i&nbsp;cz\u0142onk\u00f3w TUL, samorz\u0105dowc\u00f3w i dzia\u0142aczy spo\u0142ecznych &#8211; pod kierunkiem Zygmunta Wieczorka;<\/li><li>Szkolnego Uniwersytetu Ludowego w Zespole Szk\u00f3\u0142 Rolniczych w&nbsp;Szyd\u0142owie &#8211; pod kierunkiem Teresy Janickiej-Panek.<\/li><\/ul>\n\n\n\n<p>Oddzia\u0142 nieustannie poszerza\u0142 teren swojego dzia\u0142ania, jednaj\u0105c nowych cz\u0142onk\u00f3w mi\u0119dzy innymi z terenu \u0141odzi, Skierniewic i&nbsp;\u0141owicza. Wielu osobom znana by\u0142a dzia\u0142alno\u015b\u0107 uniwersytet\u00f3w ludowych, gdy\u017c w przesz\u0142o\u015bci istnia\u0142y w tych miejscowo\u015bciach lub w&nbsp;ich s\u0105siedztwie takie plac\u00f3wki.<\/p>\n\n\n\n<p>Podj\u0119te na tym posiedzeniu zadania by\u0142y realizowane dynamicznie. Ju\u017c w maju 1992 r. zainaugurowa\u0142 swoj\u0105 dzia\u0142alno\u015b\u0107 Nauczycielski Uniwersytet Ludowy, organizuj\u0105c dwudniow\u0105 konferencj\u0119 metodyczn\u0105 pt.: \u201eWspomaganie rozwoju\u201d z&nbsp;udzia\u0142em m.in. prof. dr hab. Tadeusza Pilcha, prezesa ZK TUL &#8211; Zofii Kaczor-J\u0119drzyckiej, prof. dr hab. Anny Brzezi\u0144skiej z Uniwersytetu Pozna\u0144skiego, prof. dr hab. Bronis\u0142awa Go\u0142\u0119biowskiego z&nbsp;Uniwersytetu Warszawskiego.<\/p>\n\n\n\n<p>Wielkim zainteresowaniem cieszy\u0142y si\u0119 zagadnienia, wynikaj\u0105ce ze stara\u0144 Polski o przyst\u0105pienie do UE. OR TUL w&nbsp;Piotrkowie Trybunalskim opracowa\u0142 program doskonalenia zawodowego w zakresie polityki rolnej i&nbsp;ekonomicznych aspekt\u00f3w dzia\u0142alno\u015bci rolnictwa w gospodarce wolnorynkowej dla nauczycieli zawodu szk\u00f3\u0142 rolniczych; g\u0142\u00f3wnie nauczycieli ekonomiki i rolnictwa, a tak\u017ce rolnik\u00f3w wojew\u00f3dztwa piotrkowskiego i cz\u0119stochowskiego. Program ten uzyska\u0142 akceptacj\u0119 Komisji Europejskiej i by\u0142 realizowany w ramach przyznanych Polsce funduszyprzedakcesyjnych. Wyk\u0142adowcami byli pracownicy naukowi SGGW i&nbsp;WSR w Krakowie; w tym prof. dr hab. Janusz \u017bmija, a tak\u017ce dydaktycy z Irlandii, gdy\u017c w wyniku przetargu do realizacji programu wy\u0142oniono firm\u0119 z Irlandii.<\/p>\n\n\n\n<p>Kolejn\u0105 form\u0105 doskonalenia nauczycieli, pracownik\u00f3w urz\u0119du wojew\u00f3dzkiego i pracownik\u00f3w urz\u0119d\u00f3w gmin by\u0142 p\u00f3\u0142roczny kurs funkcjonowania gie\u0142d towarowych w Unii Europejskiej, po\u0142\u0105czony z&nbsp;wyjazdem studyjnym na gie\u0142dy do Pary\u017ca i Frankfurtu n. Menem. Kurs oparty by\u0142 na programie opracowanym w g\u0142\u00f3wnej mierze przez pracownik\u00f3w warszawskiej gie\u0142dy towarowej. Wiod\u0105c\u0105 pomoc w&nbsp;uzyskaniu \u015brodk\u00f3w na jego realizacj\u0119 uzyska\u0142 nasz OR TUL od \u00f3wczesnego Wicepremiera &#8211; Ministra Rolnictwa &#8211; Romana Jagieli\u0144skiego.<\/p>\n\n\n\n<p>W Zespole Szk\u00f3\u0142 Rolniczych w Bujnach zorganizowany zosta\u0142 trzydniowy kurs dla nauczycieli ekonomiki rolnej, z udzia\u0142em os\u00f3b spoza naszego oddzia\u0142u, na temat prawa rolnego, kt\u00f3ry cieszy\u0142 si\u0119 sporym zainteresowaniem, gdy\u017c wzi\u0119\u0142o w nim udzia\u0142 ponad siedemdziesi\u0119ciu uczestnik\u00f3w.<\/p>\n\n\n\n<p>Wa\u017cne miejsce w dzia\u0142alno\u015bci naszego Oddzia\u0142u Regionalnego TUL zajmuje Zesp\u00f3\u0142 Szk\u00f3\u0142 Rolniczych im. Juliusza Poniatowskiego w&nbsp;Czarnocinie. W grudniu 1992 r. zaprosili\u015bmy inne oddzia\u0142y regionalne TUL z&nbsp;ca\u0142ej Polski na trzydniow\u0105 sesj\u0119 pt.: \u201eWigilia Reymontowska\u201d w celu poznania i zwiedzenia regionu \u0142\u00f3dzko-piotrkowskiego. Sesja zgromadzi\u0142a ponad 200 os\u00f3b. Uczestnicy odwiedzili Lipce Reymontowskie i trzy muzea regionalne, znajduj\u0105ce si\u0119 w tej miejscowo\u015bci. Istnienie trzech plac\u00f3wek muzealnych w jednej ma\u0142ej miejscowo\u015bci jest fenomenem na skal\u0119 niespotykan\u0105 w \u015bwiecie. W&nbsp;Lipcach W\u0142adys\u0142aw Reymont umiejscowi\u0142 akcj\u0119 powie\u015bci<em> Ch\u0142opi. <\/em>Obecn\u0105 nazw\u0119 miejscowo\u015bci z cz\u0142onem ,,Reymontowskie\u201d wprowadzono w 1983 r. Co roku na pocz\u0105tku lipca odbywa si\u0119 tu impreza pod nazw\u0105 \u201eDzie\u0144 Reymonta\u201d. Od kilku lat przybywaj\u0105 na ni\u0105 liczni go\u015bcie, r\u00f3wnie\u017c z zagranicy.<\/p>\n\n\n\n<p>W Czarnocinie w tym samym dniu wieczorem go\u015bci\u0142 Amatorski Zesp\u00f3\u0142 Pie\u015bni i&nbsp;Ta\u0144ca z Lipiec, a jego wyst\u0119py oklaskiwali r\u00f3wnie\u017c licznie zgromadzeni mieszka\u0144cy wsi.<\/p>\n\n\n\n<p>Zesp\u00f3\u0142 Szk\u00f3\u0142 Rolniczych w Czarnocinie jeszcze dwukrotnie go\u015bci\u0142 bra\u0107 tulowsk\u0105 na spotkaniach wigilijnych, a ostatnio w 2015 r. na spotkaniu wielkanocnym. Ta sesja po\u0142\u0105czona by\u0142a z krajowym zjazdem sprawozdawczo-wyborczym ZK TUL.<\/p>\n\n\n\n<p>ZSR w Czarnocinie szczeg\u00f3lnie upodobali sobie tulowcy, organizuj\u0105c tam trzykrotnie sesje letnie. Dzia\u0142o si\u0119 to g\u0142\u00f3wnie za spraw\u0105 bardzo go\u015bcinnych, energicznych i sympatycznych pracownik\u00f3w szko\u0142y: nauczycieli, wychowawc\u00f3w internatu, pracownik\u00f3w administracji szkolnej oraz pracownik\u00f3w obs\u0142ugi. Dyrektor Szko\u0142y, AnnaSimura z wielk\u0105 serdeczno\u015bci\u0105 nie tylko zawsze wita\u0142a go\u015bci, ale i towarzyszy\u0142a im w\u00a0czasie wszystkich zaj\u0119\u0107. Z kolei kol. Roman Jab\u0142onka wita\u0142 go\u015bci pi\u0119knymi melodiami, kt\u00f3re wygrywa\u0142 na akordeonie; wielokrotnie zauroczy\u0142 uczestnik\u00f3w wyst\u0119pami ch\u00f3ru, kt\u00f3rym osobi\u015bcie kierowa\u0142.<\/p>\n\n\n\n<figure class=\"wp-block-image size-large\"><img loading=\"lazy\" decoding=\"async\" width=\"1024\" height=\"482\" src=\"https:\/\/www.tul.org.pl\/wp\/wp-content\/uploads\/2022\/03\/image-1-1024x482.png\" alt=\"\" class=\"wp-image-1378\" srcset=\"https:\/\/www.tul.org.pl\/wp\/wp-content\/uploads\/2022\/03\/image-1-1024x482.png 1024w, https:\/\/www.tul.org.pl\/wp\/wp-content\/uploads\/2022\/03\/image-1-300x141.png 300w, https:\/\/www.tul.org.pl\/wp\/wp-content\/uploads\/2022\/03\/image-1-768x361.png 768w, https:\/\/www.tul.org.pl\/wp\/wp-content\/uploads\/2022\/03\/image-1.png 1524w\" sizes=\"auto, (max-width: 1024px) 100vw, 1024px\" \/><figcaption>Odznaczeni dzia\u0142acze TUL podczas Zjazd ZK TUL w Czarnocinie w\u00a02015\u00a0r. (Fot. ze zbior\u00f3w OR TUL w Piotrkowie Trybunalskim)<\/figcaption><\/figure>\n\n\n\n<p><\/p>\n\n\n\n<p>Spo\u0142eczne Muzeum Ludowe w Przedborzu &#8211; to wa\u017cna inicjatywa w historii naszego Oddzia\u0142u. Zarz\u0105d OR TUL udzieli\u0142 wsparcia i podj\u0105\u0142 skuteczne rozmowy z w\u0142adzami lokalnymi oraz Centralnymi (Ministerstwo Rolnictwa, ZK TUL) w celu pozyskania \u015brodk\u00f3w finansowych na remont pomieszcze\u0144 dla Spo\u0142ecznego Muzeum Ludowego w Przedborzu. Pocz\u0105tki przedborskiego muzeum wi\u0105\u017c\u0105 si\u0119 z powo\u0142aniem przy tamtejszej szkole rolniczej w&nbsp;1986 r. przez wybitnego spo\u0142ecznika, znawc\u0119 regionu, nauczyciela przedmiot\u00f3w rolniczych w miejscowej ZSR mgr. in\u017c. Tadeusza Michalskiego, Szkolnej Izby Ludowej. Ta skromna inicjatywa zaowocowa\u0142a z czasem powstaniem Spo\u0142ecznego Muzeum Ludowego, kt\u00f3re sta\u0142o si\u0119 nast\u0119pnie muzeum miejskim.<\/p>\n\n\n\n<p>Obecnie Przedborskie Muzeum wed\u0142ug oceny specjalist\u00f3w z&nbsp;zakresu muzealnictwa, jest jednym z bardziej interesuj\u0105cych w&nbsp;Polsce i ma charakter ma\u0142ego skansenu. Jego zbiory obejmuj\u0105 kilka tysi\u0119cy eksponat\u00f3w o charakterze etnograficznym i&nbsp;historycznym, kt\u00f3re prezentowane s\u0105 w ramach kilku sta\u0142ych ekspozycji: podw\u00f3rze wiejskie z wystaw\u0105 dawnych narz\u0119dzi, wozem i studni\u0105 z \u017curawiem; k\u0105cik z macewami po przedborskich \u017bydach; ku\u017ania i warsztat bednarski; izba ludowa w XIX-wiecznym stylu, a w niej piec z&nbsp;zapieckiem, czynne krosno, dawne meble; zanikaj\u0105ce rzemios\u0142o (rymarstwo, szewstwo, plecionkarstwo, ciesielstwo, siciarstwo, garncarstwo); sala z wyrobami tkactwa przedborskiego; historia Przedborza i okolic &#8211; wystawa prezentuj\u0105ca du\u017c\u0105 kolekcj\u0119 ludowych rze\u017ab, haft\u00f3w, obraz\u00f3w i&nbsp;fotografii chat wiejskich; bunkier partyzancki z okresu II wojny \u015bwiatowej; dzieje \u017byd\u00f3w przedborskich, na kt\u00f3rej prezentowany jest m. in. Szynkwas z dawnego zajazdu; zas\u0142u\u017ceni dla Ziemi Przedborskiej; galeria obraz\u00f3w sakralnych (oko\u0142o dwustu eksponat\u00f3w); ekspozycja m\u0142yna wodnego typu \u017carnowego.<\/p>\n\n\n\n<p>OR TUL w Piotrkowie Trybunalskim postanowi\u0142 wsp\u00f3lnie z&nbsp;Zarz\u0105dem Powiatowym PSL obchodzi\u0107 upami\u0119tnienie dzia\u0142alno\u015b\u0107 wybitnego polityka &#8211; Wincentego Witosa, inicjuj\u0105c w&nbsp;dniu 3 czerwca 2013 r. konferencj\u0119 popularno-naukow\u0105, we wsp\u00f3\u0142pracy z&nbsp;Uniwersytetem im. Jana Kochanowskiego, Filia w&nbsp;Piotrkowie Trybunalskim, Zarz\u0105dem Powiatowym Polskiego&nbsp;Stronnictwa Ludowego w Piotrkowie Trybunalskim pt.: \u201eWincenty Witos na Ziemi Piotrkowskiej &#8211; nieznane dzieje\u201d. Oddzia\u0142owi partnerowali Wy\u017csza Szko\u0142a Biznesu i Nauk o&nbsp;Zdrowiu w \u0141odzi oraz Wojew\u00f3dzki O\u015brodek Doskonalenia Nauczycieli w&nbsp;Piotrkowie Trybunalskim. Konferencja odby\u0142a si\u0119 w&nbsp;Centrum Idei Ku Demokracji u Panien Dominikanekprzy Ko\u015bciele MatkiBoskiej \u015anie\u017cnej. Cytowany poni\u017cej program Konferencji odzwierciedla poruszon\u0105 problematyk\u0119, zaprezentowan\u0105 przez naukowych pasjonat\u00f3w i spo\u0142ecznik\u00f3w, w siedemdziesi\u0105t\u0105 rocznic\u0119 pobytu Wincentego Witosa na Ziemi Piotrkowskiej:<\/p>\n\n\n\n<ul class=\"wp-block-list\"><li>prof. UJK dr hab. Mieczys\u0142aw Adamczyk: \u201eWincenty Witos \u2013 sylwetka, polityka\u201d;<\/li><li>Henryk Siemi\u0144ski (Muzeum Tradycji Niepodleg\u0142o\u015bciowych w&nbsp;\u0141odzi): \u201eRuch Ludowy na Ziemi Piotrkowskiej w&nbsp;dwudziestoleciu mi\u0119dzywojennym\u201d;<\/li><li>Marek Bia\u0142okur (UO): \u201eWincenty Witos jako lider ruchu ludowego w mi\u0119dzywojennej karykaturze i satyrze spo\u0142eczno-polityczne\u201d;<\/li><li>Marek Sioma (UMCS): \u201eBez Witosa. Walka o ch\u0142opa, pozycja kmiecia w spo\u0142ecze\u0144stwie w latach 1937-1939\u201d;<\/li><li>Barbara Olak (TPMWW Wierzchos\u0142awice), dr Dariusz Rogut (UJK): \u201eWincenty Witos w Piotrkowie (1944-1945)\u201d.<\/li><\/ul>\n\n\n\n<p>W sesji uczestniczyli \u015bwiadkowie tamtych dni; w tym dow\u00f3dca Oddzia\u0142u AK, gen. Stanis\u0142aw Burza-Karli\u0144ski, pod kt\u00f3rego ochron\u0105 przebywa\u0142 Wincenty Witos, a ponadto osoby ukrywaj\u0105ce Witosa, m\u0142odzie\u017c ze szk\u00f3\u0142, nosz\u0105cych jego imi\u0119, prezydent Miasta Piotrkowa i&nbsp;starosta powiatu.<\/p>\n\n\n\n<p>W konferencji w Piotrkowie udzia\u0142 wzi\u0119li: ks. Ireneusz Bochy\u0144ski, rektor ko\u015bcio\u0142a Matki Bo\u017cej \u015anie\u017cnej &#8211; gospodarz spotkania, ks. kanonik Andrzej Chycki, proboszcz parafii \u015bw. Jakuba Aposto\u0142a w&nbsp;Piotrkowie, gdzie w 1945 r. ukrywa\u0142 si\u0119 Wincenty Witos, przewodnicz\u0105cy Sejmiku Wojew\u00f3dztwa \u0141\u00f3dzkiego &#8211; Marek Mazur, prezydent miasta Piotrkowa &#8211; Krzysztof Chojniak. W\u015br\u00f3d zaproszonych go\u015bci znale\u017ali si\u0119 tak\u017ce nauczyciele akademiccy, pracownicy plac\u00f3wek kulturalnych i o\u015bwiatowych oraz przedstawiciele stowarzysze\u0144 i sympatycy TUL.<\/p>\n\n\n\n<p>Konferencja w Piotrkowie Trybunalskim zapocz\u0105tkowa\u0142a przygotowania do uroczysto\u015bci, kt\u00f3re upami\u0119tnia\u0142y pobyt Wincentego Witosa na Ziemi Piotrkowskiej. Kulminacyjne uroczysto\u015bci zaplanowano na lata 2014-2015. I tak: w dniu 18 maja 2014 r. mia\u0142o miejsce ods\u0142oni\u0119cie tablicy na frontonie kamienicy przy Placu Czarnieckiego w Piotrkowie Trybunalskim dla upami\u0119tnienia pobytu Wincentego Witosa w czasie okupacji, kt\u00f3rego chroni\u0142a przed Niemcami mi\u0119dzy innymi rodzina Pa\u0144stwa \u015awie\u017cy\u0144skich. Uroczysto\u015b\u0107 zgromadzi\u0142a ok. 500 os\u00f3b. W dniu 18 pa\u017adziernika 2015 r. nast\u0105pi\u0142o ods\u0142oni\u0119cie pomnika (w formie popiersia) Wincentego Witosa w Piotrkowie Trybunalskim, z&nbsp;udzia\u0142em dzia\u0142aczy TUL i PSL, z Prezesem PSL &#8211; W\u0142adys\u0142awem Kosiniak-Kamyszem w\u0142\u0105cznie.<\/p>\n\n\n\n<p>W dzia\u0142alno\u015bci naszego OR TUL istotn\u0105 rol\u0119 odgrywali wyj\u0105tkowi ludzie. Do ich grona nale\u017cy zaliczy\u0107 \u015bp. Ireneusza Rozwandowicza i \u015bp. Zofi\u0119 Stachaczyk.<\/p>\n\n\n\n<p>Wspomnienia i\u00a0pami\u0119\u0107 o przesz\u0142o\u015bci TUL s\u0105 istotne, ale trzeba tak\u017ce zatroszczy\u0107 si\u0119 o przysz\u0142o\u015b\u0107 Oddzia\u0142u. My\u015bl\u0119, \u017ce powierzenie tego zadania kol. Teresie Janickiej-Panek, wieloletniej wiceprezes, osobie z\u00a0do\u015bwiadczeniem pedagogicznym i\u00a0akademickim, profesor uczelni, zaowocuje pozytywn\u0105 kontynuacj\u0105 idei TUL.<\/p>\n\n\n\n<div class=\"wp-block-image\"><figure class=\"aligncenter size-full is-resized\"><img loading=\"lazy\" decoding=\"async\" src=\"https:\/\/www.tul.org.pl\/wp\/wp-content\/uploads\/2022\/03\/image-2.png\" alt=\"\" class=\"wp-image-1379\" width=\"781\" height=\"254\" srcset=\"https:\/\/www.tul.org.pl\/wp\/wp-content\/uploads\/2022\/03\/image-2.png 488w, https:\/\/www.tul.org.pl\/wp\/wp-content\/uploads\/2022\/03\/image-2-300x98.png 300w\" sizes=\"auto, (max-width: 781px) 100vw, 781px\" \/><figcaption>Konferencja naukowa nt. \u201eWincenty Witos na Ziemi Piotrkowskiej \u2013 nieznane dzieje\u201d, rok 2013 (Fot. ze zbior\u00f3w OR TUL w Piotrkowie Trybunalskim)<\/figcaption><\/figure><\/div>\n\n\n\n<p><\/p>\n\n\n\n<p>Z relacji kol. Anny Skonecznej, z kt\u00f3r\u0105 spotkali\u015bmy si\u0119 w dniu 15 wrze\u015bnia 2021 r. wynika, \u017ce w dniu 16 pa\u017adziernika 2021 r. minie osiemnasta rocznica powstania Teatru M\u0142odych im. Wojciecha Bogus\u0142awskiego w Lubochni. Jubileusz dziesi\u0119ciolecia w 2013 roku sta\u0142 si\u0119 okazj\u0105 do podsumowania osi\u0105gni\u0119\u0107 Teatru, do podzi\u0119kowania aktorom za krzewienie polskich tradycji i wyr\u00f3\u017cnienia os\u00f3b, kt\u00f3re prowadz\u0105 dzia\u0142alno\u015b\u0107 kulturaln\u0105 na terenie Gminy Lubochnia. Odznaczenie i&nbsp;dyplomy przyzna\u0142 Minister Kultury i Dziedzictwa Narodowego, Bogdan Zdrojewski. Odznak\u0119 honorow\u0105 \u201eZas\u0142u\u017cony dla Kultury Polskiej\u201d otrzyma\u0142a Anna Skoneczna &#8211; opiekunka Teatru, za\u015b dyplom za Szczeg\u00f3lne Zas\u0142ugi w Upowszechnianiu Kultury Regionalnej przypad\u0142 Janinie Schab &#8211; poetce oraz Ma\u0142gorzacie Tyce &#8211; opiekunce M\u0142odzie\u017cowego Zespo\u0142u Pie\u015bni i Ta\u0144ca \u201eLubochnianie\u201d.<\/p>\n\n\n\n<p>A wszystko zacz\u0119\u0142o si\u0119 w 2003 r., gdy powo\u0142ano Teatr M\u0142odych w&nbsp;Lubochni. Do najwa\u017cniejszych osi\u0105gni\u0119\u0107 Teatru M\u0142odych w&nbsp;Lubochni nale\u017cy zaliczy\u0107:<\/p>\n\n\n\n<ul class=\"wp-block-list\"><li>dwukrotne zdobycie \u201eZ\u0142otej Maski\u201d w przegl\u0105dach Teatr\u00f3w Ma\u0142ych Form \u201eTomaszowskie Teatralia\u201d w Tomaszowie Mazowieckim;<\/li><li>nagrod\u0119 specjaln\u0105 na II Przegl\u0105dzie Regionalnych Zespo\u0142\u00f3w i&nbsp;\u015apiewak\u00f3w Ludowych \u201eSiedlisko 2008\u201d w Aleksandrowie \u0141\u00f3dzkim;<\/li><li>nagrod\u0119 Marsza\u0142ka Wojew\u00f3dztwa Lubelskiego za szczeg\u00f3lnie wysokie walory artystyczne widowiska obrz\u0119dowego pt.: \u201eJasio si\u0119 \u017ceni\u201d, opartego na obyczaju weselnym z lat 50. ubieg\u0142ego wieku z&nbsp;okolic Lubochni na XXV Og\u00f3lnopolskim Sejmiku Teatr\u00f3w Wsi Polskiej w Tarnogrodzie;<\/li><li>zdobycie presti\u017cowej nagrody \u201eZ\u0142otego Jelonka\u201d na XXXII Mi\u0119dzynarodowym Jarmarku Folkloru w W\u0119gorzewie za szczeg\u00f3ln\u0105 trosk\u0119 w piel\u0119gnowaniu rodzimej tradycji;<\/li><li>I nagrod\u0119 w IX Mazowieckim Festiwalu Teatr\u00f3w Obrz\u0119dowych im. W. Siemiona i prezentacja nagrodzonego widowiska w Muzeum Etnograficznym w Warszawie;<\/li><li>I nagrod\u0119 \u201eStatuetk\u0119 Boryny\u201d, przyznan\u0105 na XVII Festiwalu Obrz\u0119d\u00f3w Weselnych w W\u0119gorzewie;<\/li><li>nagrod\u0119 Sejmiku Wojew\u00f3dztwa \u0141\u00f3dzkiego, przyznan\u0105 za szczeg\u00f3lne osi\u0105gni\u0119cia w zakresie tw\u00f3rczo\u015bci artystycznej oraz upowszechniania i ochrony d\u00f3br kultury;<\/li><li>I miejsce Janiny Schab oraz II miejsce Kazimiery Sta\u0144do w 48. Og\u00f3lnopolskim Festiwalu Kapel i \u015apiewak\u00f3w Ludowych w&nbsp;Kazimierzu Dolnym;<\/li><li>wyr\u00f3\u017cnienie Teatru w 2016 r. statuetk\u0105 \u201ePrzyjaciel Powiatu\u201d podczas Powiatowego Spotkania Noworocznego w Uje\u017adzie.<\/li><\/ul>\n\n\n\n<p>Sukces czteropokoleniowego Teatru sta\u0142 si\u0119 udzia\u0142em ponad trzystu os\u00f3b, kt\u00f3re na przestrzeni trzynastu lat prezentowa\u0142y na scenie swoje aktorskie, wokalne i taneczne talenty. W przygotowanie jubileuszu oraz w zorganizowanie widowiska weselnego 15 sierpnia 2013 r. podczas uroczysto\u015bci odpustowych w luboche\u0144skiej parafii zaanga\u017cowa\u0142a si\u0119 \u00f3wczesna dyrektor Gminnego O\u015brodka Kultury Joanna M\u0119cina. Z g\u0142\u0119bokim smutkiem przyj\u0119li\u015bmy wiadomo\u015b\u0107 o Jej nag\u0142ej \u015bmierci.<\/p>\n\n\n\n<p>Zauroczenie dzia\u0142alno\u015bci\u0105 TUL &#8211; powiedzia\u0142a Anna Skoneczna &#8211; wynikaj\u0105ce ju\u017c z pierwszego mojego udzia\u0142u w profesjonalnie zorganizowanej sesji, a by\u0142o to w ZSR w Czarnocinie w 2001 r. Pozna\u0142am po raz pierwszy, czym jest TUL; dostrzeg\u0142am wielu oddanych sprawie dzia\u0142aczy; w tym z OR w Piotrkowie Trybunalskim, odkry\u0142am w\u00f3wczas, \u017ce nauka i muzyka mog\u0105 ze sob\u0105 wsp\u00f3\u0142istnie\u0107, a&nbsp;to za spraw\u0105 animatora &#8211; kol. Romana Jab\u0142onki. Przygotowane&nbsp;wyk\u0142ady wzbogacano licznymi pie\u015bniami o g\u0142\u0119bokim sensie; pozwala\u0142y one na poznawanie, prze\u017cywanie i&nbsp;dzia\u0142anie; anga\u017cowa\u0142y uczestnik\u00f3w wszechstronnie. Z tej sesji zabra\u0142am ksi\u0105\u017ck\u0119 autorstwa Krystyny Wieczorek <em>M\u0142yn na Stawkach<\/em>, kt\u00f3r\u0105 z&nbsp;zainteresowaniem czyta\u0142a ca\u0142a moja rodzina i znajomi. Wnikliwie podgl\u0105da\u0142am bardziej do\u015bwiadczonych w TUL, uczy\u0142am si\u0119 od niepowtarzalnej Jadzi Kolasi\u0144skiej, b\u0119d\u0105c uczestniczk\u0105 organizowanych przez Ni\u0105 sesji, a \u015awi\u0119ta Bo\u017cego Narodzenia zaczyna\u0142y si\u0119 w moim sercu od wieczerzy wigilijnej w go\u015bcinnym G\u0142uchowie, najpierw u Zosi Nester, potem u Dorotki Skorzyckiej. W\u00f3wczas narodzi\u0142a si\u0119 refleksja, bym i ja, jako mieszkanka powiatu \u0142owickiego, przenios\u0142a niekt\u00f3re dzia\u0142ania tulowskie na sw\u00f3j teren. I tak si\u0119 sta\u0142o: zrobili\u015bmy:<\/p>\n\n\n\n<ul class=\"wp-block-list\"><li>letni\u0105 sesj\u0119 w&nbsp;\u0141owiczu w szkole medycznej (u dyr. Tadeusza \u017baczka);<\/li><li>konferencje w&nbsp;Szkole Podstawowej w Bobrownikach (u dyrektor Ewy Zabrzewskiej);<\/li><li>w Gimnazjum w Dzierzg\u00f3wku (u dyrektor Gra\u017cyny Aleksandrowicz).<\/li><\/ul>\n\n\n\n<p>Trwaj\u0105cy nieustannie proces ewolucji za\u0142o\u017ce\u0144 programowych UL, wsparty projektem realizowanym w ramach Programu Wspierania Rozwoju Uniwersytet\u00f3w Ludowych na lata 2020-2030 w zakresie zadania ,,Nowe i nowoczesne oblicze Towarzystwa Uniwersytet\u00f3w Ludowych\u201d, postawi\u0142 przed dzia\u0142aczami; tak\u017ce i nami, nowe wyzwania. Wymaga uwzgl\u0119dniania zr\u00f3\u017cnicowanego i nie zawsze sprzyjaj\u0105cego kontekstu zmian, nad czym pewnie b\u0119dziemy debatowa\u0107 w trzydziest\u0105 rocznic\u0119 powo\u0142ania Oddzia\u0142u (w grudniu 2021 r.).<\/p>\n\n\n\n<p>dr Teresa Janicka-Panek, prezes OR TUL w Piotrkowie Trybunalskim,<\/p>\n\n\n\n<p>mgr in\u017c. Stanis\u0142aw Banaszek, by\u0142y wieloletni prezes OR TUL w Piotrkowie Trybunalskim<\/p>\n\n\n\n<p><\/p>\n\n\n\n<div class=\"wp-block-file\"><a href=\"https:\/\/www.tul.org.pl\/wp\/wp-content\/uploads\/2021\/09\/Wspomnienia-o-OR-w-P-Tryb-1.pdf\">Wspomnienia o wybranych wydarzeniach<\/a><a href=\"https:\/\/www.tul.org.pl\/wp\/wp-content\/uploads\/2021\/09\/Wspomnienia-o-OR-w-P-Tryb-1.pdf\" class=\"wp-block-file__button\" download>Pobierz<\/a><\/div>\n\n\n\n<div class=\"wp-block-file\"><a href=\"https:\/\/www.tul.org.pl\/wp\/wp-content\/uploads\/2021\/09\/TUL-Teatr-Mlodych-w-Lubochni-ze-wspomnien.pdf\">Powo\u0142anie i dzia\u0142alno\u015b\u0107 Teatru M\u0142odych im. Wojciecha Bogus\u0142awskiego w Lubochni<\/a><a href=\"https:\/\/www.tul.org.pl\/wp\/wp-content\/uploads\/2021\/09\/TUL-Teatr-Mlodych-w-Lubochni-ze-wspomnien.pdf\" class=\"wp-block-file__button\" download>Pobierz<\/a><\/div>\n\n\n\n<div class=\"wp-block-file\"><a href=\"https:\/\/www.tul.org.pl\/wp\/wp-content\/uploads\/2021\/09\/Kalendarium-OR-TUL-P-Tryb.pdf\">Kalendarium OR TUL w Piotrkowie Trybunalskim (1991-2021)<\/a><a href=\"https:\/\/www.tul.org.pl\/wp\/wp-content\/uploads\/2021\/09\/Kalendarium-OR-TUL-P-Tryb.pdf\" class=\"wp-block-file__button\" download>Pobierz<\/a><\/div>\n\n\n\n<p><\/p>\n","protected":false},"excerpt":{"rendered":"<p>Prezes &#8211; Teresa Janicka &#8211; Panek Dzia\u0142alno\u015b\u0107 Oddzia\u0142u Regionalnego TUL w&nbsp;Piotrkowie Trybunalskim Wszystko zacz\u0119\u0142o si\u0119 w dniu 11 grudnia 1991 [&hellip;]<\/p>\n","protected":false},"author":1,"featured_media":0,"parent":0,"menu_order":0,"comment_status":"closed","ping_status":"closed","template":"","meta":{"ngg_post_thumbnail":0,"footnotes":""},"class_list":["post-124","page","type-page","status-publish","hentry"],"_links":{"self":[{"href":"https:\/\/www.tul.org.pl\/wp\/index.php?rest_route=\/wp\/v2\/pages\/124","targetHints":{"allow":["GET"]}}],"collection":[{"href":"https:\/\/www.tul.org.pl\/wp\/index.php?rest_route=\/wp\/v2\/pages"}],"about":[{"href":"https:\/\/www.tul.org.pl\/wp\/index.php?rest_route=\/wp\/v2\/types\/page"}],"author":[{"embeddable":true,"href":"https:\/\/www.tul.org.pl\/wp\/index.php?rest_route=\/wp\/v2\/users\/1"}],"replies":[{"embeddable":true,"href":"https:\/\/www.tul.org.pl\/wp\/index.php?rest_route=%2Fwp%2Fv2%2Fcomments&post=124"}],"version-history":[{"count":6,"href":"https:\/\/www.tul.org.pl\/wp\/index.php?rest_route=\/wp\/v2\/pages\/124\/revisions"}],"predecessor-version":[{"id":1380,"href":"https:\/\/www.tul.org.pl\/wp\/index.php?rest_route=\/wp\/v2\/pages\/124\/revisions\/1380"}],"wp:attachment":[{"href":"https:\/\/www.tul.org.pl\/wp\/index.php?rest_route=%2Fwp%2Fv2%2Fmedia&parent=124"}],"curies":[{"name":"wp","href":"https:\/\/api.w.org\/{rel}","templated":true}]}}