{"id":130,"date":"2021-08-09T11:41:07","date_gmt":"2021-08-09T11:41:07","guid":{"rendered":"http:\/\/www.tul.org.pl\/wp\/?page_id=130"},"modified":"2022-03-16T07:28:57","modified_gmt":"2022-03-16T07:28:57","slug":"oddzial-regionalny-tul-w-warszawie","status":"publish","type":"page","link":"https:\/\/www.tul.org.pl\/wp\/?page_id=130","title":{"rendered":"Oddzia\u0142 Regionalny TUL w Warszawie"},"content":{"rendered":"\n<h2 class=\"wp-block-heading\">Prezes &#8211; Marianna Wiel\u0105dek<\/h2>\n\n\n\n<p>W artykule przedstawiono dzia\u0142ania podejmowane przez Oddzia\u0142 Regionalny Towarzystwa Uniwersytet\u00f3w Ludowych w Warszawie od 2007 r., gdy funkcj\u0119 prezesa obj\u0119\u0142a W. Marianna Wiel\u0105dek.<\/p>\n\n\n\n<p>Prezesem Oddzia\u0142u Regionalnego Towarzystwa Uniwersytet\u00f3w Ludowych w&nbsp;Warszawie zosta\u0142am wybrana w dniu 21 listopada 2007 r. Moimi poprzednikami byli: Janusz Dzier\u017cawski i Henryk Wasiak.<\/p>\n\n\n\n<p>Oddzia\u0142 Regionalny Towarzystwa Uniwersytet\u00f3w Ludowych w Warszawie przez ca\u0142y czas pracowa\u0142 zgodnie z wytycznymi Zarz\u0105du Krajowego TUL oraz przyj\u0119tym na dany okres programem i planem. Corocznie dla cz\u0142onk\u00f3w i sympatyk\u00f3w TUL-u organizowane by\u0142y: narady i liczne spotkania okoliczno\u015bciowe, w tym: z okazji \u015awi\u0105t Wielkiej Nocy i Bo\u017cego Narodzenia, a tak\u017ce \u201e\u015awi\u0119to Chleba\u201d, kt\u00f3re odbywa\u0142o si\u0119 w Warszawie.<\/p>\n\n\n\n<p>Cz\u0142onkowie naszego Oddzia\u0142u byli uczestnikami wszystkich sesji, organizowanych przez ZK TUL i inne Oddzia\u0142y Regionalne, wielu do\u017cynek, kt\u00f3re odbywa\u0142y si\u0119 w r\u00f3\u017cnych gminach i powiatach. Nie zabrak\u0142o naszego udzia\u0142u w&nbsp;konferencjach i og\u00f3lnopolskich spotkaniach kobiet, odbywaj\u0105cych si\u0119 w Sejmie RP, czy Instytucie im. Macieja Rataja w Warszawie. Ponadto uczestniczyli w r\u00f3\u017cnych wydarzeniach, organizowanych przez Muzeum Historii Polskiego Ruchu Ludowego takich, jak: konferencje, spotkania, promocje, wernisa\u017ce, \u015awi\u0119to Ludowe czy Noc Muze\u00f3w.<\/p>\n\n\n\n<p>Uczestniczyli\u015bmy w pogrzebach naszych cz\u0142onk\u00f3w i dzia\u0142aczy ruchu ludowego<\/p>\n\n\n\n<p>m.in.: Janusza Dzier\u017cawskiego, Henryka Wasiaka, Bronis\u0142awa Go\u0142\u0119biowskiego, Heleny Kozickiej, Tadeusza Barszczaka, Henryka Maziejuka, Ryszarda Miazka i&nbsp;innych.<\/p>\n\n\n\n<p>Z inicjatywy Zarz\u0105du OR TUL w Warszawie obj\u0119to opiek\u0105 groby dzia\u0142aczy uniwersytet\u00f3w ludowych i ruchu ludowego, znajduj\u0105ce si\u0119 na cmentarzach w&nbsp;Warszawie i okolicy. Tradycyjnie, tu\u017c przez \u015awi\u0119tem Zmar\u0142ych odwiedzamy i&nbsp;porz\u0105dkujemy najbardziej zaniedbane i opuszczone groby, zapalamy na nich znicze i&nbsp;sk\u0142adamy kwiaty. Cz\u0142onkowie Oddzia\u0142u obj\u0119li szczeg\u00f3ln\u0105 opiek\u0105 gr\u00f3b Ireny Kosmowskiej i doprowadzili do renowacji pomnika tej zas\u0142u\u017conej dzia\u0142aczki ruchu ludowego. Pami\u0119taj\u0105 o \u015bwi\u0119tach i rocznicach Zofii i Ignacego Solarz\u00f3w, kt\u00f3rych gr\u00f3b tak\u017ce utrzymuj\u0105 w porz\u0105dku. Sk\u0142adali\u015bmy kwiaty na grobie pierwszego Noblisty Niepodleg\u0142ej W\u0142adys\u0142awa S. Reymonta i jego matki.<\/p>\n\n\n\n<p>Bywali\u015bmy na spotkaniach organizowanych przez Zarz\u0105d Krajowy Zwi\u0105zku M\u0142odzie\u017cy Wiejskiej.<\/p>\n\n\n\n<p>Dzi\u0119ki staraniom Zarz\u0105du Oddzia\u0142u Regionalnego kilkana\u015bcie os\u00f3b z r\u00f3\u017cnych innych oddzia\u0142\u00f3w wyjecha\u0142o do Brukseli i mog\u0142o zapozna\u0107 si\u0119 z prac\u0105 Europarlamentu.<\/p>\n\n\n\n<p>Odwiedzili\u015bmy Muzeum Konstantego Laszczki w Dobrem, \u015bwiatowej s\u0142awy rze\u017abiarza, malarza i portrecisty, kt\u00f3ry wykonywa\u0142 medale, medaliony oraz plakaty portretowe i zajmowa\u0142 si\u0119 ceramik\u0105. Posta\u0107 tego wybitnego tw\u00f3rcy jest ma\u0142o znana spo\u0142ecze\u0144stwu.<\/p>\n\n\n\n<p>Zarz\u0105d OR TUL skutecznie zabiega\u0142 o przyznanie odznacze\u0144 dla zas\u0142u\u017conych dzia\u0142aczy naszej organizacji z ca\u0142ego kraju.<\/p>\n\n\n\n<p>Cz\u0142onkowie Oddzia\u0142u Regionalnego TUL w Warszawie brali udzia\u0142 w pracach r\u00f3\u017cnych towarzystw i instytucji kultury, mi\u0119dzy innymi przyst\u0105pili\u015bmy do Ruchu Stowarzysze\u0144 Regionalnych Rzeczypospolitej Polski. Wielu spo\u015br\u00f3d cz\u0142onk\u00f3w uczestniczy\u0142o w Og\u00f3lnopolskich Zjazdach Regionalist\u00f3w nad Odr\u0105 i Kongresach Regionalist\u00f3w Polskich oraz s\u0142u\u017cy\u0142o pomoc\u0105 Zarz\u0105dowi Krajowemu Batalion\u00f3w Ch\u0142opskich. W dniu 8 pa\u017adziernika 2019 r. brali\u015bmy udzia\u0142 w ods\u0142oni\u0119ciu pomnika Batalion\u00f3w Ch\u0142opskich i Ludowego Zwi\u0105zku Kobiet w Warszawie. Rokrocznie brali\u015bmy udzia\u0142 w uroczysto\u015bciach rocznicowych Batalion\u00f3w Ch\u0142opskich na cmentarzu Wojskowym w Warszawie oraz w obchodach rocznicowych wyw\u00f3zki z obozu NKWD w Rembertowie. Miros\u0142aw Matosek, wiceprezes OR TUL w Warszawie, wspiera Polsk\u0105 Fundacj\u0119 Ko\u015bciuszkowsk\u0105. Na sympozjach ko\u015bciuszkowskich m.in. w&nbsp;Maciejowicach i Muzeum Niepodleg\u0142o\u015bci w Warszawie oraz konferencjach ko\u015bciuszkowskich w Garwolinie i \u017belechowie wyg\u0142asza\u0142 interesuj\u0105ce referaty. Przedstawiciele Oddzia\u0142u wzi\u0119li udzia\u0142 w konferencji, zorganizowanej w Akademii Obrony Narodowej, po\u015bwi\u0119conej powstaniu styczniowemu. \u015aci\u015ble wsp\u00f3\u0142pracuj\u0105 z&nbsp;Muzeum Historii Polskiego Ruchu Ludowego, bior\u0105c udzia\u0142 w upami\u0119tnianiu przez nie r\u00f3\u017cnych os\u00f3b i wydarze\u0144.<\/p>\n\n\n\n<p>W dniach 26-27 wrze\u015bnia 2015 r. Oddzia\u0142 Regionalny TUL w Warszawie wsp\u00f3lnie z Fundacj\u0105 Polskich Uniwersytet\u00f3w Ludowych i Muzeum Historii Polskiego Ruchu Ludowego zorganizowa\u0142 konferencj\u0119 nt.: \u201e\u017bycie i czyny niez\u0142omnych kobiet wiejskich Polski podziemnej w pami\u0119ci i pokole\u0144 XXI wieku\u201d, kt\u00f3ra odby\u0142a si\u0119 w&nbsp;Centralnej Bibliotece Rolniczej w Warszawie.<\/p>\n\n\n\n<p>W\u015br\u00f3d realizowanych przez nas dzia\u0142a\u0144 znalaz\u0142y si\u0119 r\u00f3wnie\u017c warsztaty bukieciarstwa, prowadzone przez kompetentn\u0105 florystk\u0119.<\/p>\n\n\n\n<p>W dniach 8-10 grudnia 2017 r. odby\u0142a si\u0119 w Warszawie og\u00f3lnopolska Sesja Towarzystwa Uniwersytet\u00f3w Ludowych oraz wieczerza Wigilijna, zorganizowana przez Zarz\u0105d Krajowy TUL, Oddzia\u0142 Regionalny TUL w Warszawie oraz Muzeum Historii Polskiego Ruchu Ludowego. Uczestnicy odwiedzili wtedy zabytki muzealne Warszawy i poznali ich rol\u0119 w upowszechnianiu dziedzictwa kulturowego i&nbsp;historycznego Polski. W\u015br\u00f3d zwiedzanych obiekt\u00f3w znalaz\u0142y si\u0119: Muzeum Pa\u0142acu Kr\u00f3la Jana III w Wilanowie, \u015awi\u0105tynia Opatrzno\u015bci Bo\u017cej oraz Muzeum Historii Polskiego Ruchu Ludowego. Uczestnicy sesji wys\u0142uchali r\u00f3wnie\u017c wyk\u0142adu, prezentuj\u0105cego posta\u0107 wybitnego dzia\u0142acza ruchu ludowego &#8211; Wincentego Witosa oraz obejrzeli film o \u017cyciu i dzia\u0142alno\u015bci ludowca &#8211; Jakuba Bojki. Wieczorem 9 grudnia, w&nbsp;Hotelu ARAMIS w Warszawie, spotkali\u015bmy si\u0119 na uroczystej Wieczerzy Wigilijnej. W wigilijnej kolacji uczestniczy\u0142o blisko 100 os\u00f3b.<\/p>\n\n\n\n<p>Cz\u0142onkowie OR TUL w Warszawie odbywaj\u0105 swoje spotkania w siedzibie NKW PSL w Warszawie. Liczba cz\u0142onk\u00f3w Oddzia\u0142u jest zmienna, co wynika przede wszystkim z okoliczno\u015bci losowych; aktualnie nale\u017cy do niego dwadzie\u015bcia sze\u015b\u0107 os\u00f3b. R\u00f3wnie\u017c struktura Oddzia\u0142u ulega zmianom, przez pewien okres, dzi\u0119ki osobistemu zaanga\u017cowaniu wiceprezesa Miros\u0142awa Matoska dzia\u0142a\u0142y Ko\u0142a TUL w Sobolewie i&nbsp;w&nbsp;Maciejowicach.<\/p>\n\n\n\n<p>Mgr in\u017c. W. Marianna Wiel\u0105dek, prezes Oddzia\u0142u Regionalnego TUL w Warszawie<\/p>\n","protected":false},"excerpt":{"rendered":"<p>Prezes &#8211; Marianna Wiel\u0105dek W artykule przedstawiono dzia\u0142ania podejmowane przez Oddzia\u0142 Regionalny Towarzystwa Uniwersytet\u00f3w Ludowych w Warszawie od 2007 r., [&hellip;]<\/p>\n","protected":false},"author":1,"featured_media":0,"parent":0,"menu_order":0,"comment_status":"closed","ping_status":"closed","template":"","meta":{"ngg_post_thumbnail":0,"footnotes":""},"class_list":["post-130","page","type-page","status-publish","hentry"],"_links":{"self":[{"href":"https:\/\/www.tul.org.pl\/wp\/index.php?rest_route=\/wp\/v2\/pages\/130","targetHints":{"allow":["GET"]}}],"collection":[{"href":"https:\/\/www.tul.org.pl\/wp\/index.php?rest_route=\/wp\/v2\/pages"}],"about":[{"href":"https:\/\/www.tul.org.pl\/wp\/index.php?rest_route=\/wp\/v2\/types\/page"}],"author":[{"embeddable":true,"href":"https:\/\/www.tul.org.pl\/wp\/index.php?rest_route=\/wp\/v2\/users\/1"}],"replies":[{"embeddable":true,"href":"https:\/\/www.tul.org.pl\/wp\/index.php?rest_route=%2Fwp%2Fv2%2Fcomments&post=130"}],"version-history":[{"count":3,"href":"https:\/\/www.tul.org.pl\/wp\/index.php?rest_route=\/wp\/v2\/pages\/130\/revisions"}],"predecessor-version":[{"id":1374,"href":"https:\/\/www.tul.org.pl\/wp\/index.php?rest_route=\/wp\/v2\/pages\/130\/revisions\/1374"}],"wp:attachment":[{"href":"https:\/\/www.tul.org.pl\/wp\/index.php?rest_route=%2Fwp%2Fv2%2Fmedia&parent=130"}],"curies":[{"name":"wp","href":"https:\/\/api.w.org\/{rel}","templated":true}]}}