{"id":136,"date":"2021-08-09T11:43:21","date_gmt":"2021-08-09T11:43:21","guid":{"rendered":"http:\/\/www.tul.org.pl\/wp\/?page_id=136"},"modified":"2021-08-10T05:58:23","modified_gmt":"2021-08-10T05:58:23","slug":"lubuski-oddzial-regionalny-tul-z-s-w-kozuchowie","status":"publish","type":"page","link":"https:\/\/www.tul.org.pl\/wp\/?page_id=136","title":{"rendered":"Lubuski Oddzia\u0142 Regionalny TUL z\/s w Ko\u017cuchowie"},"content":{"rendered":"\n<p><\/p>\n\n\n\n<h2 class=\"wp-block-heading\">Prezes \u2013 J\u00f3zef Rubacha<\/h2>\n\n\n\n<p>Wiceprezes \u2013 Jolanta Starzewska<\/p>\n\n\n\n<p>Sekretarz \u2013 Pawe\u0142 Chylak<\/p>\n\n\n\n<p>Adres: ul Rynek 45 67-300 Szprotawa<\/p>\n\n\n\n<p>Oddzia\u0142 prowadzi samodzieln\u0105 dzia\u0142alno\u015b\u0107 od roku 2004.<\/p>\n\n\n\n<p>W ci\u0105gu minionych 10 lat zrealizowa\u0142 wiele zada\u0144 i program\u00f3w finansowanych ze \u015brodk\u00f3w UE w ramach EFS, Ministerstwa Pracy i Polityki Spo\u0142ecznej a tak\u017ce bud\u017cet\u00f3w wojew\u00f3dztwa lubuskiego i Fundacji. Obszar dzia\u0142alno\u015bci TUL LOR w Ko\u017cuchowie obejmuje 5 powiat\u00f3w wojew\u00f3dztwa, w tym 5 miast i 17 o\u015brodk\u00f3w wiejskich. Ko\u0142a oddzia\u0142u powsta\u0142y w Borowinie i \u015awiebodzinie.<\/p>\n\n\n\n<p>Do najwa\u017cniejszych dzia\u0142a\u0144 nale\u017c\u0105:<\/p>\n\n\n\n<p>&#8211; realizacja IX edycji programu \u201ePogodna staro\u015b\u0107 \u2013 cieszmy si\u0119 wieczn\u0105 m\u0142odo\u015bci\u0105 dla mieszka\u0144c\u00f3w wsi i ma\u0142ych miast z terenu wojew\u00f3dztwa lubuskiego,<\/p>\n\n\n\n<p>&#8211; realizacja 7 zada\u0144 finansowanych ze \u015brodk\u00f3w EFS w ramach Priorytetu VII i IX na \u0142\u0105czna kwot\u0119 ponad 500 tys. z\u0142. Adresatami tych projekt\u00f3w by\u0142y osoby bezrobotne oraz w z\u0142ej sytuacji finansowej a tak\u017ce osoby z kategorii +50 z teren\u00f3w wiejskich,<\/p>\n\n\n\n<p>&#8211; w\u0142\u0105czenie TUL LOR w Ko\u017cuchowie do Rz\u0105dowego Programu ASOS edycja I oraz II realizowanego przez MPiPS<\/p>\n\n\n\n<p>&#8211; uzyskanie licznych rekomendacji potwierdzaj\u0105cych w\u0142a\u015bciw\u0105 i rzeteln\u0105 realizacj\u0119 zada\u0144 z zakresu pomocy spo\u0142ecznej<\/p>\n\n\n\n<p>&#8211; aktywizacja spo\u0142eczna ok. 3000 uczestnik\u00f3w projekt\u00f3w jako odbiorc\u00f3w bezpo\u015brednich oraz ponad 15 tys. os\u00f3b jako odbiorcy po\u015bredni \/ rodziny, sympatycy, osoby i podmioty wspieraj\u0105ce\/<\/p>\n\n\n\n<p>Informacja w ramach bie\u017c\u0105cych aktualno\u015bci.<\/p>\n\n\n\n<p>TUL ma swojego Eurolidera .<\/p>\n\n\n\n<p>W grudniu 2013 pani Urszula Stochel \u2013 Matuszak, na co dzie\u0144 wsp\u00f3\u0142pracuj\u0105ca z Lubuskim Oddzia\u0142em Regionalnym TUL w Ko\u017cuchowie otrzyma\u0142a r\u0105k Pani wicepremier El\u017cbiety Bie\u0144kowskiej tytu\u0142y Eurolidera 2013 oraz Eurolidera Eurolider\u00f3w 2013. Nagroda ta sta\u0142a si\u0119 ukoronowaniem nie tylko jej dzia\u0142alno\u015bci m.in. w ramach TUL ale, przede wszystkim, dzia\u0142a\u0144 ca\u0142ego oddzia\u0142u. W ci\u0105gu minionych lat zrealizowano w oparciu o jego potencja\u0142 wiele zada\u0144 finansowanych ze \u015brodk\u00f3w europejskich. Poniewa\u017c by\u0142y one bardzo warto\u015bciowe i spotka\u0142y si\u0119 z wyj\u0105tkowo przychylnym przyj\u0119ciem \u015brodowiska lokalnego, przyczyni\u0142y si\u0119 do rozwoju ca\u0142ej organizacji. Wszystkie te zadania zosta\u0142y docenione r\u00f3wnie\u017c na poziomie kraju.<\/p>\n\n\n\n<p><strong>W za\u0142\u0105czeniu zdj\u0119cie p. Urszuli Stochel \u2013 Matuszak z p. wicepremier El\u017cbiet\u0105 Bie\u0144kowsk\u0105 wykonane w czasie uroczystego wr\u0119czenia nagr\u00f3d w Ministerstwie Infrastruktury i Rozwoju.<\/strong><\/p>\n\n\n\n<figure class=\"wp-block-image\"><img decoding=\"async\" src=\"http:\/\/www.tul.org.pl\/images\/Korzuchowo\/thumb_DSCF5409.jpg\" alt=\"zdj\u0119cie z minister\"\/><\/figure>\n\n\n\n<p><a href=\"http:\/\/www.tul.org.pl\/images\/Korzuchowo\/full_DSCF5409.jpg\"><\/a><\/p>\n\n\n\n<p>Dzia\u0142alno\u015b\u0107 TUL LOR w Ko\u017cuchowie w roku 2013<br><br>Rok 2013, by\u0142 podobnie jak minione lata okresem bardzo du\u017cej aktywno\u015bci<br><br>lubuskiego oddzia\u0142u TUL.<br><br>Korzystaj\u0105c z dofinansowania Wojew\u00f3dztwa Lubuskiego w maju 2013<br><br>zorganizowano I Wojew\u00f3dzki Przegl\u0105d zespo\u0142\u00f3w muzycznych TUL oraz<br><br>reprezentuj\u0105cych ruch ludowy. W Przegl\u0105dzie wzi\u0119\u0142o udzia\u0142 11 zespo\u0142\u00f3w a<br><br>sama idea spotka\u0142a si\u0119 z du\u017cym zainteresowaniem \u015brodowiska, dlatego b\u0119dzie<br><br>kontynuowana w roku 2014.<br><br>Od wrze\u015bnie 2013 TUL LOR w Ko\u017cuchowie rozpocz\u0105\u0142 realizacj\u0119 II etapu<br><br>Programu ASOS, otrzymuj\u0105c na ten cel dofinansowanie ze \u015brodk\u00f3w MPiPS.<br><br>W projekcie \u201ePogodna, aktywna staro\u015b\u0107 2013\u201d wzi\u0119\u0142o udzia\u0142 ponad 300<br><br>emeryt\u00f3w z terenu 5 powiat\u00f3w. Liderzy spo\u0142eczno\u015bci lokalnych wzi\u0119li tak\u017ce<br><br>udzia\u0142 w Konferencji po\u015bwi\u0119conej problemom os\u00f3b starszych pn. \u201eSenior to<br><br>brzmi dumnie\u201d.<br><br>W grudniu 2013 TUL wsp\u00f3\u0142organizowa\u0142 Konferencj\u0119 Kobiet Wiejskich w<br><br>Urz\u0119dzie Marsza\u0142kowskim Wojew\u00f3dztwa Lubuskiego.<br><br>Przez ca\u0142y czas czynione s\u0105 przygotowania do obchod\u00f3w 10-lecia naszego<br><br>oddzia\u0142u, kt\u00f3re przypada w roku 2014.<br><br>Za\u0142\u0105czone zdj\u0119cia przedstawiaj\u0105 sceny z w\/wym. Przedsi\u0119wzi\u0119\u0107.<\/p>\n\n\n\n<figure class=\"wp-block-image\"><img decoding=\"async\" src=\"http:\/\/www.tul.org.pl\/images\/Korzuchowo\/thumb_20131207_122219.jpg\" alt=\"zdj\u0119cie na scenie\"\/><\/figure>\n\n\n\n<figure class=\"wp-block-image\"><a href=\"http:\/\/www.tul.org.pl\/images\/Korzuchowo\/full_DSCF5225.jpg\"><img decoding=\"async\" src=\"http:\/\/www.tul.org.pl\/images\/Korzuchowo\/thumb_DSCF5225.jpg\" alt=\"zdj\u0119cie grupowe\"\/><\/a><\/figure>\n\n\n\n<p><a href=\"http:\/\/www.tul.org.pl\/images\/Korzuchowo\/full_20131207_122219.jpg\">&nbsp;<\/a><\/p>\n","protected":false},"excerpt":{"rendered":"<p>Prezes \u2013 J\u00f3zef Rubacha Wiceprezes \u2013 Jolanta Starzewska Sekretarz \u2013 Pawe\u0142 Chylak Adres: ul Rynek 45 67-300 Szprotawa Oddzia\u0142 prowadzi [&hellip;]<\/p>\n","protected":false},"author":1,"featured_media":0,"parent":0,"menu_order":0,"comment_status":"closed","ping_status":"closed","template":"","meta":{"ngg_post_thumbnail":0,"footnotes":""},"class_list":["post-136","page","type-page","status-publish","hentry"],"_links":{"self":[{"href":"https:\/\/www.tul.org.pl\/wp\/index.php?rest_route=\/wp\/v2\/pages\/136","targetHints":{"allow":["GET"]}}],"collection":[{"href":"https:\/\/www.tul.org.pl\/wp\/index.php?rest_route=\/wp\/v2\/pages"}],"about":[{"href":"https:\/\/www.tul.org.pl\/wp\/index.php?rest_route=\/wp\/v2\/types\/page"}],"author":[{"embeddable":true,"href":"https:\/\/www.tul.org.pl\/wp\/index.php?rest_route=\/wp\/v2\/users\/1"}],"replies":[{"embeddable":true,"href":"https:\/\/www.tul.org.pl\/wp\/index.php?rest_route=%2Fwp%2Fv2%2Fcomments&post=136"}],"version-history":[{"count":4,"href":"https:\/\/www.tul.org.pl\/wp\/index.php?rest_route=\/wp\/v2\/pages\/136\/revisions"}],"predecessor-version":[{"id":186,"href":"https:\/\/www.tul.org.pl\/wp\/index.php?rest_route=\/wp\/v2\/pages\/136\/revisions\/186"}],"wp:attachment":[{"href":"https:\/\/www.tul.org.pl\/wp\/index.php?rest_route=%2Fwp%2Fv2%2Fmedia&parent=136"}],"curies":[{"name":"wp","href":"https:\/\/api.w.org\/{rel}","templated":true}]}}