{"id":1455,"date":"2023-05-07T08:15:58","date_gmt":"2023-05-07T08:15:58","guid":{"rendered":"https:\/\/www.tul.org.pl\/wp\/?page_id=1455"},"modified":"2023-05-07T08:24:22","modified_gmt":"2023-05-07T08:24:22","slug":"kalendarium-tul-za-okres-1-lipca-31-grudnia-2021-r","status":"publish","type":"page","link":"https:\/\/www.tul.org.pl\/wp\/?page_id=1455","title":{"rendered":"Kalendarium TUL za okres od  lipca do grudnia 2021 r."},"content":{"rendered":"\n<p>1. Og\u00f3lnopolska Sesja Letnia Towarzystwa Uniwersytet\u00f3w Ludowych w Grzybnie pod tytu\u0142em: \u201ePatriotyzm Wielkopolan\u201d w dniach \u00a05\u201315 lipca 2021 r. zadanie zrealizowane w ramach projektu: \u201eNowe i nowoczesne oblicze Towarzystwa Uniwersytet\u00f3w Ludowych\u201d, dofinansowane ze \u015brodk\u00f3w otrzymanych z NIW \u2013 CRSO w ramach Programu Wspierania Rozwoju Uniwersytet\u00f3w Ludowych na lata 2020\u20132030. Organizatorem sesji by\u0142 OR TUL w \u015aremie wraz z Prezesem Januszem Taciakiem. Dzi\u0119kujemy!<\/p>\n\n\n\n<p>2. Opracowanie i wydanie kroniki Letniej Sesji TUL w Grzybnie; listopad 2021; opracowa\u0142a: Dorota \u017bebrowska \u2013 wiceprezes ZK TUL.<\/p>\n\n\n\n<p>3. Szkolenie dla cz\u0142onk\u00f3w Zarz\u0105du Krajowego TUL oraz prezes\u00f3w Oddzia\u0142\u00f3w Regionalnych TUL w zakresie wykorzystania sprz\u0119tu i oprogramowania dla komunikacji oraz organizacji konferencji on-line; w dniach 16 \u2013 20.08. 2021 r.; przekazanie sprz\u0119tu komputerowego dla kadry TUL, zakupionego ze \u015brodk\u00f3w otrzymanych z NIW \u2013 CRSO w ramach Programu Wspierania Rozwoju Uniwersytet\u00f3w Ludowych na lata 2020 \u20132030; projekt pt.: \u201eNowe i nowoczesne oblicze Towarzystwa Uniwersytet\u00f3w Ludowych\u201d, napisany przez El\u017cbiet\u0119 Gniazdowsk\u0105 i Dorot\u0119 \u017bebrowsk\u0105. Organizator szkolenia: \u2013 ZK TUL &#8211; prezes El\u017cbieta Gniazdowska i Oddzia\u0142 Regionalny TUL w Gda\u0144sku z\/s w K\u0142aninie.<\/p>\n\n\n\n<p>4. Udzia\u0142 w seminarium naukowym z cyklu: \u201eUniwersytety ludowe \u2013 pomi\u0119dzy teori\u0105 a praktyk\u0105\u201d, zatytu\u0142owanym: \u201e100 lat uniwersytet\u00f3w ludowych w wolnej Polsce (1921-2021)\u201d, zorganizowanym w Wydziale Nauk Spo\u0142ecznych Uniwersytetu Szczeci\u0144skiego przez: Zachodniopomorski Uniwersytet Ludowy w Mierzynie, Wydzia\u0142 Nauk Spo\u0142ecznych Uniwersytetu Szczeci\u0144skiego, Wydzia\u0142 Nauk Humanistycznych i Spo\u0142ecznych Akademii Marynarki Wojennej w Gdyni oraz Og\u00f3lnopolsk\u0105 Sie\u0107 Uniwersytet\u00f3w Ludowych. Wyst\u0105pienia: Honorowa Prezes TUL Zofia Kaczor-J\u0119drzycka (Fundacja Polskich Uniwersytet\u00f3w Ludowych) pt.: \u201ePedagogika uniwersytet\u00f3w ludowych Zofii Solarzowej \u201eChrzestnej\u201d i jej aktualno\u015b\u0107 w XXI w.\u201d; &nbsp;dr Miros\u0142awa Bednarzak-Libera (Muzeum Historii Polskiego Ruchu Ludowego) pt.: \u201eUniwersytety ludowe w zbiorach Archiwum Zak\u0142adu Historii Ruchu Ludowego\u201d. W ramach forum polskich uniwersytet\u00f3w ludowych wyst\u0105pi\u0142a Prezes ZK TUL El\u017cbieta Gniazdowska \u2013 Towarzystwo Uniwersytet\u00f3w Ludowych dawniej i dzi\u015b. W seminarium uczestniczy\u0142a Aldona Czerwi\u0144ska \u2013 OR TUL w Gda\u0144sku z\/s w K\u0142aninie.<\/p>\n\n\n\n<p>5. Realizacja osiemnastego sezonu Wszechnicy \u201eTUL-owskie spotkania\u201d \u2013 pa\u017adziernik 2021 r. Organizatorem imprezy by\u0142 Oddzia\u0142 Regionalny TUL w \u0141om\u017cy. Pomys\u0142odawczyni\u0105 i koordynatork\u0105 dzia\u0142ania jest prezes OR TUL w \u0141om\u017cy &#8211; Gabriela Dzieko\u0144ska-Olsza\u0144ska. Wyk\u0142ad inauguracyjny wyg\u0142osi\u0142a dr Ma\u0142gorzata Fr\u0105ckiewicz.<\/p>\n\n\n\n<p>6. 09 pa\u017adziernika 2021 r. &#8211; prezentacja widowiska obrz\u0119dowego pod nazw\u0105: ,,Mianowanie m\u0142ynarczyka na czeladnika\u201d,\u00a0 przygotowanego przez Jadwig\u0119 Kolasi\u0144sk\u0105 z OR TUL w Piotrkowie Trybunalskim, wystawionego w Wolborskim Centrum Kultury z towarzyszeniem zespo\u0142u ,,Wolborskie Nuty\u201d. Wspania\u0142y wyst\u0119p oklaskiwali przedstawiciele OR TUL z: Piotrkowa Trybunalskiego, Skierniewic z\/s w G\u0142uchowie, Zgierza z\/s w Szczawinie oraz\u00a0 Lubochni i Ujazdu. \u00a0<\/p>\n\n\n\n<p>7. Udzia\u0142 w konferencji zorganizowanej przez NIW CRSO pod nazw\u0105: \u201eWyzwania sektora pozarz\u0105dowego w zmieniaj\u0105cej si\u0119 rzeczywisto\u015bci\u201d, kt\u00f3ra odby\u0142a si\u0119 w dniach 25 \u2013 26 listopada 2021 r. w Warszawie. W konferencji uczestniczy\u0142y: El\u017cbieta Gniazdowska \u2013 prezes ZK TUL i Dorota \u017bebrowska \u2013 wiceprezes ZK TUL.<\/p>\n\n\n\n<p>8. Og\u00f3lnopolskie seminarium z okazji \u015awi\u0105t Bo\u017cego Narodzenia pod tytu\u0142em: \u201eOsadnictwo na ziemiach zachodnich \u2013 rodzi si\u0119 nowa tradycja\u201d, zrealizowane w dniach 02 \u2013 05. 12. 2021 r. w Siemczynie ko\u0142o Z\u0142ocie\u0144ca. Organizatorem przedsi\u0119wzi\u0119cia by\u0142 Zarz\u0105d Krajowy Towarzystwa Uniwersytet\u00f3w Ludowych, a gospodarzem: OR TUL w Gda\u0144sku z\/s w K\u0142aninie, Ko\u0142o w Z\u0142ocie\u0144cu. Zadanie zrealizowane w ramach projektu: \u201eNowe i nowoczesne oblicze Towarzystwa Uniwersytet\u00f3w Ludowych\u201d, dofinansowane ze \u015brodk\u00f3w otrzymanych z NIW \u2013 CRSO w ramach Programu Wspierania Rozwoju Uniwersytet\u00f3w Ludowych na lata 2020 -2030.<\/p>\n\n\n\n<p>9. Opracowanie i wydanie Kwartalnika TUL \u2013 Polski Uniwersytet Ludowy nr 3-4\/112\/2021 pod red: Miros\u0142awy Bednarzak-Libery i Aldony Czerwi\u0144skiej. Zadanie zrealizowane w ramach projektu: \u201e Nowe i nowoczesne oblicze Towarzystwa Uniwersytet\u00f3w Ludowych\u201d, dofinansowane ze \u015brodk\u00f3w otrzymanych z NIW \u2013 CRSO w ramach Programu Wspierania Rozwoju Uniwersytet\u00f3w Ludowych na lata 2020 -2030.<\/p>\n\n\n\n<p>10. W dniu 27 listopada 2021 r. Zarz\u0105d Krajowy Zwi\u0105zku M\u0142odzie\u017cy Wiejskiej przyzna\u0142 Towarzystwu Uniwersytet\u00f3w Ludowych \u201eOdznaczenie im. Ignacego Solarza\u201d. Dzi\u0119kujemy!<\/p>\n\n\n\n<p>11. W dniu 10 grudnia 2021 r. w Czarnocinie odby\u0142a si\u0119 tradycyjna \u201eWieczerza Wigilijna\u201d cz\u0142onk\u00f3w Oddzia\u0142u Regionalnego TUL w Piotrkowie Trybunalskim. Spotkanie po\u0142\u0105czone by\u0142o z uroczystymi obchodami trzydziestolecia istnienia OR TUL w Piotrkowie Trybunalskim, kt\u00f3rego prezesami w tym czasie byli kolejno: Stanis\u0142aw Banaszek, Zofia Stachaczyk (*) i Teresa Janicka \u2013 Panek. W uroczysto\u015bci wzi\u0119li udzia\u0142 cz\u0142onkowie OR TUL ze Zgierza i G\u0142uchowa.<\/p>\n\n\n\n<p>Ca\u0142a spo\u0142eczno\u015b\u0107 TUL-u serdecznie dzi\u0119kuje za wsp\u00f3\u0142prac\u0119, gratuluje jubileuszu i \u017cyczy dalszej, wspania\u0142ej dzia\u0142alno\u015bci!<\/p>\n\n\n\n<p><strong>Opracowanie: El\u017cbieta Gniazdowska prezes Zarz\u0105du Krajowego Towarzystwa Uniwersytet\u00f3w Ludowych<\/strong><\/p>\n","protected":false},"excerpt":{"rendered":"<p>1. Og\u00f3lnopolska Sesja Letnia Towarzystwa Uniwersytet\u00f3w Ludowych w Grzybnie pod tytu\u0142em: \u201ePatriotyzm Wielkopolan\u201d w dniach \u00a05\u201315 lipca 2021 r. zadanie [&hellip;]<\/p>\n","protected":false},"author":1,"featured_media":0,"parent":0,"menu_order":0,"comment_status":"closed","ping_status":"closed","template":"","meta":{"ngg_post_thumbnail":0,"footnotes":""},"class_list":["post-1455","page","type-page","status-publish","hentry"],"_links":{"self":[{"href":"https:\/\/www.tul.org.pl\/wp\/index.php?rest_route=\/wp\/v2\/pages\/1455","targetHints":{"allow":["GET"]}}],"collection":[{"href":"https:\/\/www.tul.org.pl\/wp\/index.php?rest_route=\/wp\/v2\/pages"}],"about":[{"href":"https:\/\/www.tul.org.pl\/wp\/index.php?rest_route=\/wp\/v2\/types\/page"}],"author":[{"embeddable":true,"href":"https:\/\/www.tul.org.pl\/wp\/index.php?rest_route=\/wp\/v2\/users\/1"}],"replies":[{"embeddable":true,"href":"https:\/\/www.tul.org.pl\/wp\/index.php?rest_route=%2Fwp%2Fv2%2Fcomments&post=1455"}],"version-history":[{"count":4,"href":"https:\/\/www.tul.org.pl\/wp\/index.php?rest_route=\/wp\/v2\/pages\/1455\/revisions"}],"predecessor-version":[{"id":1469,"href":"https:\/\/www.tul.org.pl\/wp\/index.php?rest_route=\/wp\/v2\/pages\/1455\/revisions\/1469"}],"wp:attachment":[{"href":"https:\/\/www.tul.org.pl\/wp\/index.php?rest_route=%2Fwp%2Fv2%2Fmedia&parent=1455"}],"curies":[{"name":"wp","href":"https:\/\/api.w.org\/{rel}","templated":true}]}}