{"id":1458,"date":"2023-05-07T08:18:16","date_gmt":"2023-05-07T08:18:16","guid":{"rendered":"https:\/\/www.tul.org.pl\/wp\/?page_id=1458"},"modified":"2023-05-07T08:18:16","modified_gmt":"2023-05-07T08:18:16","slug":"kalendarium-tul-za-okres-od-lipca-do-grudnia-2022r","status":"publish","type":"page","link":"https:\/\/www.tul.org.pl\/wp\/?page_id=1458","title":{"rendered":"Kalendarium TUL za okres od lipca do grudnia 2022r."},"content":{"rendered":"\n<ul class=\"wp-block-list\">\n<li>W dniach 18.07. 2022 r. \u2013 27.07.2022 r. &nbsp;odby\u0142a si\u0119 letnia Sesja Towarzystwa Uniwersytet\u00f3w Ludowych w Warszawie. Organizatorzy: OR TUL W Warszawie ,&nbsp; ZK TUL oraz MHPRL. Odpowiedzialni: Dorota \u017bebrowska, Marianna Wiel\u0105dek oraz z ramienia Muzeum &#8211; Miros\u0142awa Bednarzak-Libera. Szczeg\u00f3lnie ciep\u0142e podzi\u0119kowania sk\u0142adamy na r\u0119ce kole\u017canek Doroty&nbsp; \u017bebrowskiej i Marysi Wiel\u0105dek.<\/li>\n\n\n\n<li>Dnia 22.07.2022 r. odby\u0142o si\u0119 posiedzenie Zarz\u0105du Krajowego TUL w Warszawie. ZK poj\u0105\u0142 Uchwa\u0142\u0119 nr 4\/2022 w sprawie powo\u0142ania nowego sk\u0142adu Rady Fundacji PUL w zwi\u0105zku z zako\u0144czeniem pi\u0119cioletniej kadencji dotychczasowych cz\u0142onk\u00f3w Rady. W sk\u0142ad nowej rady wesz\u0142y nast\u0119puj\u0105ce osoby: Iwona B\u0142aszczak, zam. w Skierniewicach; El\u017cbieta Wojtas- Ciborska, zam. w Warszawie; Teofil J\u00f3zef Stanis\u0142awski, zam. w Warszawie; Czes\u0142aw Adam Siekierski, zam. w Warszawie; Dorota \u017bebrowska, zam. w Warszawie; Jacek Pniewski, zam. w Warszawie; Teresa Janicka- Panek, zam. Wrzeczko. Podj\u0119to r\u00f3wnie\u017c uchwa\u0142\u0119 w sprawie czasu trwania letnich sesji, pocz\u0105wszy od roku 2023 r. Zarz\u0105d postanowi\u0142, \u017ce b\u0119d\u0105 one trwa\u0142y 7 dni, tj. od pi\u0105tku do pi\u0105tku. Postanowiono r\u00f3wnie\u017c, \u017ce uczestnicy wszystkich sesji og\u00f3lnopolskich b\u0119d\u0105 ponosi\u0107 koszty ca\u0142o\u015bci poszczeg\u00f3lnych dzia\u0142a\u0144. Decyzja ta wynika ze wzgl\u0119d\u00f3w organizacyjnych i konieczno\u015bci wnoszenia przedp\u0142at za zakwaterowanie i wy\u017cywienie. Om\u00f3wiono r\u00f3wnie\u017c&nbsp; dzia\u0142ania na nast\u0119pne p\u00f3\u0142rocze, wynikaj\u0105ce z realizacji projektu &nbsp;\u201eNowe i nowoczesne oblicze Towarzystwa Uniwersytet\u00f3w Ludowych\u201d.&nbsp; Przedyskutowano plany na nast\u0119pne lata w zwi\u0105zku z zamiarem przyst\u0105pienia do kolejnego konkursu w ramach Programu Wspierania Rozwoju Uniwersytet\u00f3w Ludowych.<\/li>\n\n\n\n<li>Wrzesie\u0144 &#8211; pa\u017adziernik 2022 r. &#8211; opracowanie i wydanie Kroniki Letniej Sesji TUL w Warszawie. Ca\u0142o\u015b\u0107 zadania realizuje kol. Dorota \u017bebrowska.<\/li>\n\n\n\n<li>Wrzesie\u0144 \u2013 listopad 2022 r. &#8211; &nbsp;opracowanie i wydanie Kwartalnika TUL nr 3 -4\/114\/2022 pod redakcj\u0105 kole\u017canek Aldony Czerwi\u0144skiej i Izabeli K\u0119pka.<\/li>\n\n\n\n<li>W dniach 7.09.2022 r. &#8211; 8.09.2022 r. dokonano wyboru i zakupu mebli do biura TUL w Warszawie, ul. Cio\u0142ka 15; realizacja zadania: E. Gniazdowska, D. \u017bebrowska.<\/li>\n\n\n\n<li>Dnia 9.09.2022 r. mia\u0142a miejsce wizyta monitoruj\u0105ca realizacj\u0119 projektu pn. \u201e Nowe i nowoczesne oblicze Towarzystwa Uniwersytet\u00f3w Ludowych\u201d , przeprowadzona przez pracownik\u00f3w NIW CRSO. &nbsp;Uczestniczy\u0142y: El\u017cbieta Gniazdowska i Dorota \u017bebrowska.<\/li>\n\n\n\n<li>W dniach 11.09.2022 r. &#8211; 12.09.2022 r. przeprowadzono dzia\u0142ania, maj\u0105ce na celu &nbsp;wyb\u00f3r lokalizacji na organizacj\u0119 spotkania wigilijnego w Warszawie i okolicach. Zadanie zrealizowali: El\u017cbieta Gniazdowska, Dorota \u017bebrowska i Karol W\u0119clewski.<\/li>\n\n\n\n<li>W dniach 01.12. 2022 r. \u2013 04.12.2022 r. zorganizowano zimowe, og\u00f3lnopolskie spotkanie TUL pn. \u201e<em>No to jadziem na Pragie<\/em>\u201d, po\u0142\u0105czone z uroczyst\u0105 wieczerz\u0105 wigilijn\u0105 w Brwinowie.<\/li>\n\n\n\n<li>Listopad &#8211; grudzie\u0144 2022 r.&nbsp; opracowanie i z\u0142o\u017cenie sprawozdania merytorycznego i &nbsp;finansowego z realizacji zadania \u201eNowe i nowoczesne oblicze Towarzystwa Uniwersytet\u00f3w Ludowych\u201d w latach 2021 i 2022. El\u017cbieta Gniazdowska, Aldona Czerwi\u0144ska, Renata Zielke.<\/li>\n<\/ul>\n\n\n\n<p>Opracowa\u0142a:&nbsp; El\u017cbieta Gniazdowska \u2013 prezes ZK TUL<\/p>\n","protected":false},"excerpt":{"rendered":"<p>Opracowa\u0142a:&nbsp; El\u017cbieta Gniazdowska \u2013 prezes ZK TUL<\/p>\n","protected":false},"author":1,"featured_media":0,"parent":0,"menu_order":0,"comment_status":"closed","ping_status":"closed","template":"","meta":{"ngg_post_thumbnail":0,"footnotes":""},"class_list":["post-1458","page","type-page","status-publish","hentry"],"_links":{"self":[{"href":"https:\/\/www.tul.org.pl\/wp\/index.php?rest_route=\/wp\/v2\/pages\/1458","targetHints":{"allow":["GET"]}}],"collection":[{"href":"https:\/\/www.tul.org.pl\/wp\/index.php?rest_route=\/wp\/v2\/pages"}],"about":[{"href":"https:\/\/www.tul.org.pl\/wp\/index.php?rest_route=\/wp\/v2\/types\/page"}],"author":[{"embeddable":true,"href":"https:\/\/www.tul.org.pl\/wp\/index.php?rest_route=\/wp\/v2\/users\/1"}],"replies":[{"embeddable":true,"href":"https:\/\/www.tul.org.pl\/wp\/index.php?rest_route=%2Fwp%2Fv2%2Fcomments&post=1458"}],"version-history":[{"count":1,"href":"https:\/\/www.tul.org.pl\/wp\/index.php?rest_route=\/wp\/v2\/pages\/1458\/revisions"}],"predecessor-version":[{"id":1459,"href":"https:\/\/www.tul.org.pl\/wp\/index.php?rest_route=\/wp\/v2\/pages\/1458\/revisions\/1459"}],"wp:attachment":[{"href":"https:\/\/www.tul.org.pl\/wp\/index.php?rest_route=%2Fwp%2Fv2%2Fmedia&parent=1458"}],"curies":[{"name":"wp","href":"https:\/\/api.w.org\/{rel}","templated":true}]}}