{"id":1462,"date":"2023-05-07T08:19:54","date_gmt":"2023-05-07T08:19:54","guid":{"rendered":"https:\/\/www.tul.org.pl\/wp\/?page_id=1462"},"modified":"2023-05-07T08:19:54","modified_gmt":"2023-05-07T08:19:54","slug":"kalendarium-tul-za-okres-od-stycznia-do-czerwca-2022-r","status":"publish","type":"page","link":"https:\/\/www.tul.org.pl\/wp\/?page_id=1462","title":{"rendered":"Kalendarium TUL za okres od stycznia do czerwca 2022 r."},"content":{"rendered":"\n<p><\/p>\n\n\n\n<ol class=\"wp-block-list\" type=\"1\">\n<li>W dniach 15.12.2021 r. &#8211; 15.01.2022 r. opracowano i z\u0142o\u017cono sprawozdanie z pierwszego roku realizacji projektu pt. \u201eNowe i nowoczesne oblicze Towarzystwa Uniwersytet\u00f3w Ludowych\u201d, realizowanego w ramach Programu Wspierania Rozwoju Uniwersytet\u00f3w Ludowych na lata 2021 \u2013 2030, finansowanego ze \u015brodk\u00f3w NIW -CRSO. Opracowanie cz\u0119\u015bci merytorycznej: El\u017cbieta Gniazdowska i Aldona Czerwi\u0144ska, cz\u0119\u015bci finansowej &#8211; Renata Zielke.<\/li>\n\n\n\n<li>08.02.2022 r. &#8211; wsp\u00f3\u0142organizacja z MHPRL, Gren Light Media i dwutygodnikiem \u201eZielony Sztandar\u201d konferencji pn. \u201eDzie\u0142o Ignacego i Zofii Solarz\u00f3w. 100 lat uniwersytet\u00f3w ludowych\u201d, pod patronatem Marsza\u0142ka&nbsp; Wojew\u00f3dztwa Mazowieckiego Adama Struzika.&nbsp;&nbsp; &nbsp;W konferencji, kt\u00f3ra odby\u0142a si\u0119 w siedzibie MHPRL, uczestniczyli kole\u017canki i koledzy z ZK TUL i OR TUL w Warszawie. G\u0142os w naszym imieniu zabra\u0142a Dorota \u017bebrowska &#8211; wiceprezes ZK TUL. &nbsp;W wydawnictwie pokonferencyjnym ukaza\u0142 si\u0119&nbsp; artyku\u0142 prezes ZK TUL El\u017cbiety Gniazdowskiej&nbsp; pt. \u201e Towarzystwo Uniwersytet\u00f3w Ludowych &#8211; kontynuatorem idei uniwersytet\u00f3w ludowych Ignacego i Zofii Solarz\u00f3w\u201d.<\/li>\n\n\n\n<li>19.02.2022 r. odby\u0142o si\u0119 posiedzenie ZK TUL w Warszawie \u2013 MHPRL. W zebraniu uczestniczyli cz\u0142onkowie ZK TUL, Komisji Rewizyjnej i prezesi oddzia\u0142\u00f3w regionalnych TUL. Swoj\u0105 obecno\u015bci\u0105 zaszczyci\u0142 nas pan Czes\u0142aw Siekierski &#8211; Pose\u0142 na Sejm RP. W trakcie posiedzenia kol. El\u017cbieta Gniazdowska przedstawi\u0142a szczeg\u00f3\u0142owe sprawozdanie z realizacji zadania: \u201eNowe i nowoczesne oblicze Towarzystwa Uniwersytet\u00f3w Ludowych\u201d zar\u00f3wno w cz\u0119\u015bci merytorycznej, jak i finansowej.&nbsp; Zosta\u0142y r\u00f3wnie\u017c om\u00f3wione zadania, uj\u0119te w &nbsp;projekcie do realizacji na rok 2022. Prezes przedstawi\u0142a te\u017c wst\u0119pne za\u0142o\u017cenia do kolejnej edycji programu na lata 2023-2025.<\/li>\n<\/ol>\n\n\n\n<p>Kole\u017canka Marianna Wiel\u0105dek \u2013 prezes OR TUL w Warszawie przedstawi\u0142a wst\u0119pny program sesji letniej TUL, kt\u00f3ra odb\u0119dzie si\u0119 w Warszawie, w dniach 18-27.07.2022 r.<\/p>\n\n\n\n<p>W trakcie posiedzenia ZK TUL powierzy\u0142 obowi\u0105zki redaktor naczelnej kwartalnika \u201eM\u0141ODZIE\u017b, KULTURA, WIE\u015a &#8211; Polski Uniwersytet Ludowy\u201d kole\u017cance Aldonie Czerwi\u0144skiej.<\/p>\n\n\n\n<ul class=\"wp-block-list\">\n<li>08-10.04.2022 r. odby\u0142o si\u0119 og\u00f3lnopolskie seminarium pn. \u201eTradycje w\u0142\u00f3kiennictwa na Ziemi \u0141\u00f3dzkiej\u201d, organizowane przez OR TUL w Zgierzu z\/s w Szczawinie przy wsp\u00f3\u0142pracy z ZK TUL w ramach omawianego wcze\u015bniej zadania: \u201eNowe i nowoczesne oblicze Towarzystwa Uniwersytet\u00f3w Ludowych\u201d.<\/li>\n<\/ul>\n\n\n\n<p>W trakcie uczestnicy wys\u0142uchali bardzo ciekawego wyk\u0142adu pt.: \u201eR\u00f3\u017cnice kulturowe w biznesie mi\u0119dzynarodowym\u201d, kt\u00f3ry wyg\u0142osi\u0142 dr Bogdan Buczkowski, odbyli wycieczk\u0119 do \u0141odzi oraz uczestniczyli w warsztatach artystycznych z wykonywania palm wielkanocnych, kt\u00f3re poprowadzi\u0142y: Magda \u015awiderek i Halina Gwis. &nbsp;Kulminacj\u0119 tego\u017c spotkania stanowi\u0142a uroczysta kolacja, po\u015bwi\u0119cona jubileuszowi dwudziestolecia OR TUL w Zgierzu. Go\u015b\u0107mi honorowymi byli: Starosta Zgierski &#8211; Bogdan Jarota, Prezydent Miasta Zgierz \u2013 Przemys\u0142aw Staniszewski i W\u00f3jt Gminy Zgierz \u2013 Wioleta G\u0142owacka. Spotkanie ubarwi\u0142 piosenk\u0105 ludow\u0105 i nie tylko miejscowy zesp\u00f3\u0142 \u201eSzczawinianki\u201d.<\/p>\n\n\n\n<p>Na uwag\u0119 zas\u0142uguje wyg\u0142oszone przez kol. Cezarego Piotrowskiego, prezesa&nbsp; OR TUL w Zgierzu, podsumowanie dwudziestoletniej dzia\u0142alno\u015bci oddzia\u0142u. W trakcie kol. prezes podzi\u0119kowa\u0142 wszystkim, kt\u00f3rzy mieli sw\u00f3j udzia\u0142 w perfekcyjnym przygotowaniu naszego wiosennego spotkania oraz obecnym samorz\u0105dowcom za wsparcie, jakiego udzielaj\u0105 w codziennej dzia\u0142alno\u015bci oddzia\u0142u. &nbsp;Zgromadzeni wyj\u0105tkowo licznie \u201etulowcy\u201d z ca\u0142ej Polski byli pod wra\u017ceniem go\u015bcinno\u015bci, sprawnej organizacji i bardzo dobrych warunk\u00f3w zakwaterowania.&nbsp; Dzi\u0119kujemy koledze Cezarowi Piotrowskiemu za te pi\u0119kne trzy dni, sp\u0119dzone na go\u015bcinnej Ziemi Zgierskiej.<\/p>\n\n\n\n<ul class=\"wp-block-list\">\n<li>08.04.2022 r. &#8211; posiedzenie ZK TUL,&nbsp; w trakcie kt\u00f3rego om\u00f3wiono szczeg\u00f3\u0142owo sprawozdanie finansowe i bilans TUL za rok 2021, a tak\u017ce przyj\u0119to uchwa\u0142\u0119 w sprawie zatwierdzenia bilansu za rok 2021.<\/li>\n\n\n\n<li>Opracowanie i wydanie kwartalnika TUL \u201e M\u0142odzie\u017c, Kultura, Wie\u015b \u2013 Polski Uniwersytet Ludowy\u201d nr 1-2\/113\/2022 pod redakcj\u0105: Aldony Czerwi\u0144skiej i Izabeli K\u0119pka.<\/li>\n\n\n\n<li>10.06.2022 r. \u2013konferencja pn. \u201eUniwersytety ludowe wobec wyzwa\u0144 wsp\u00f3\u0142czesno\u015bci\u201d, organizowana w Sejmie RP przez Og\u00f3lnopolsk\u0105 Sie\u0107 Uniwersytet\u00f3w Ludowych oraz Narodowy Instytut Wolno\u015bci \u2013 Centrum Rozwoju Spo\u0142ecze\u0144stwa Obywatelskiego. Towarzystwo Uniwersytet\u00f3w Ludowych reprezentowali: prof. Tadeusz Pilch, Zofia Kaczor-J\u0119drzycka, El\u017cbieta Gniazdowska, El\u017cbieta Wojtas-Ciborska, Dorota \u017bebrowska i Aldona Czerwi\u0144ska.<\/li>\n<\/ul>\n\n\n\n<p>Opracowa\u0142a: El\u017cbieta Gniazdowska \u2013 prezes ZK TUL<\/p>\n","protected":false},"excerpt":{"rendered":"<p>Kole\u017canka Marianna Wiel\u0105dek \u2013 prezes OR TUL w Warszawie przedstawi\u0142a wst\u0119pny program sesji letniej TUL, kt\u00f3ra odb\u0119dzie si\u0119 w Warszawie, [&hellip;]<\/p>\n","protected":false},"author":1,"featured_media":0,"parent":0,"menu_order":0,"comment_status":"closed","ping_status":"closed","template":"","meta":{"ngg_post_thumbnail":0,"footnotes":""},"class_list":["post-1462","page","type-page","status-publish","hentry"],"_links":{"self":[{"href":"https:\/\/www.tul.org.pl\/wp\/index.php?rest_route=\/wp\/v2\/pages\/1462","targetHints":{"allow":["GET"]}}],"collection":[{"href":"https:\/\/www.tul.org.pl\/wp\/index.php?rest_route=\/wp\/v2\/pages"}],"about":[{"href":"https:\/\/www.tul.org.pl\/wp\/index.php?rest_route=\/wp\/v2\/types\/page"}],"author":[{"embeddable":true,"href":"https:\/\/www.tul.org.pl\/wp\/index.php?rest_route=\/wp\/v2\/users\/1"}],"replies":[{"embeddable":true,"href":"https:\/\/www.tul.org.pl\/wp\/index.php?rest_route=%2Fwp%2Fv2%2Fcomments&post=1462"}],"version-history":[{"count":1,"href":"https:\/\/www.tul.org.pl\/wp\/index.php?rest_route=\/wp\/v2\/pages\/1462\/revisions"}],"predecessor-version":[{"id":1463,"href":"https:\/\/www.tul.org.pl\/wp\/index.php?rest_route=\/wp\/v2\/pages\/1462\/revisions\/1463"}],"wp:attachment":[{"href":"https:\/\/www.tul.org.pl\/wp\/index.php?rest_route=%2Fwp%2Fv2%2Fmedia&parent=1462"}],"curies":[{"name":"wp","href":"https:\/\/api.w.org\/{rel}","templated":true}]}}