{"id":1503,"date":"2024-01-26T18:26:07","date_gmt":"2024-01-26T18:26:07","guid":{"rendered":"https:\/\/www.tul.org.pl\/wp\/?page_id=1503"},"modified":"2024-01-26T18:26:07","modified_gmt":"2024-01-26T18:26:07","slug":"kalendarium-tul-za-okres-od-stycznia-do-lipca-2023-r","status":"publish","type":"page","link":"https:\/\/www.tul.org.pl\/wp\/?page_id=1503","title":{"rendered":"Kalendarium TUL za okres od stycznia do lipca 2023 r."},"content":{"rendered":"\n<p><\/p>\n\n\n\n<p>\u25aa W dniu 17.12.2022 r. zako\u0144czono kilkumiesi\u0119czn\u0105 prac\u0119 i z\u0142o\u017cono wniosek w ramach Programu Wspierania Rozwoju Uniwersytet\u00f3w Ludowych na lata 2020\u20132030 Priorytet 3. Projekt pt. \u201eTUL \u0142\u0105czy pokolenia\u201d, opiewaj\u0105cy na kwot\u0119 997 646,00 z\u0142 opracowa\u0142y: El\u017cbieta Gniazdowska, Aldona Czerwi\u0144ska i Dorota \u017bebrowska przy wsp\u00f3\u0142pracy prezes\u00f3w Oddzia\u0142\u00f3w Regionalnych TUL. Wniosek uzyska\u0142 pozytywn\u0105 ocen\u0119 formaln\u0105 w dniu 20.12.2022 r., a pozytywn\u0105 ocen\u0119 merytoryczn\u0105 ekspert\u00f3w 15.03.2023 r., kt\u00f3rzy przyznali 98 pkt na 100 mo\u017cliwych. Wniosek zosta\u0142 zatwierdzony do realizacji na kwot\u0119 570 653,51 z\u0142 w latach 2023\u20132025.<\/p>\n\n\n\n<p>&nbsp;\u25aa W dniu 04.01.2023 r. z\u0142o\u017cono sprawozdanie ko\u0144cowe z realizacji w latach 2020\u2013 2022 projektu pt. \u201eNowe i nowoczesne oblicze Towarzystwa Uniwersytet\u00f3w Ludowych\u201d, kt\u00f3re przygotowa\u0142a prezes ZK TUL El\u017cbieta Gniazdowska. Sprawozdanie uzyska\u0142o akceptacj\u0119 NIW\u2013CRSO dnia 29.03.2023 r. Za pomoc i wsp\u00f3\u0142prac\u0119 przy realizacji projektu serdecznie dzi\u0119kujemy p. Lilianie Grupi\u0144skiej z NIW.<\/p>\n\n\n\n<p>\u25aa W dniach 03\u201305.02.2023 r. zorganizowano og\u00f3lnopolskie seminarium, po\u015bwi\u0119cone 30-leciu istnienia OR TUL w Poznaniu z\/s w \u015aremie. Gospodarze z prezesem Januszem Taciakiem na czele zaprosili tradycyjnie do Zespo\u0142u Szk\u00f3\u0142 Rolniczych w Grzybnie.<\/p>\n\n\n\n<p>\u25aa Luty \u2013 marzec 2023 r. \u2013 przygotowanie bilansu TUL za 2022 r. przez ksi\u0119gow\u0105 \u2013 Miros\u0142aw\u0119 Jackiewicz.<\/p>\n\n\n\n<p>&nbsp;\u25aa W dniach 15\u201321.03.2023 r. opracowywanie aktualizacji projektu \u201eTUL \u0142\u0105czy pokolenia\u201d w cz\u0119\u015bci merytorycznej i finansowej na zlecenie NIW\u2013CRSO przez prezes ZK TUL El\u017cbiet\u0119 Gniazdowsk\u0105.<\/p>\n\n\n\n<p>\u25aa Dnia 17.03.2023 r. Muzeum Historii Polskiego Ruchu Ludowego w Warszawie oraz OR TUL w \u0141om\u017cy pod kierunkiem prezes Gabrieli Olsza\u0144skiej zorganizowa\u0142y wernisa\u017c wystawy pt. \u201eSzko\u0142a dla \u017cycia \u2013 Uniwersytety Ludowe na ziemiach polskich na przestrzeni dziej\u00f3w\u201d, kt\u00f3rej autorami s\u0105: dr Miros\u0142awa Bednarzak-Libera z MHPRL oraz dr hab. Tomasz Maliszewski, prof. AMW w Gdyni. Wyk\u0142ad pt. \u201eUniwersytety ludowe \u2013 historia i wsp\u00f3\u0142czesno\u015b\u0107\u201d wyg\u0142osi\u0142a dr Miros\u0142awa Bednarzak-Libera.<\/p>\n\n\n\n<p>&nbsp;\u25aa Marzec \u2013 czerwiec 2023 r. \u2013 opracowanie i wydanie Kwartalnika TUL nr 1\u2013 2\/115\/2023 pod redakcj\u0105 Aldony Czerwi\u0144skiej i Izabeli K\u0119pki.<\/p>\n\n\n\n<p>\u25aa W dniach 17\u201318.04. 2023 r. Instytut Bada\u0144 Edukacyjnych w Warszawie zorganizowa\u0142 spotkanie konsultacyjne na temat opisu kwalifikacji rynkowej w ramach ZSK pod robocz\u0105 nazw\u0105: nauczyciel w uniwersytecie ludowym. Na zaproszenie IBE w spotkaniu uczestniczy\u0142y przedstawicielki TUL: El\u017cbieta Gniazdowska, Dorota \u017bebrowska, Aldona Czerwi\u0144ska i Weronika Marianna Wiel\u0105dek.<\/p>\n\n\n\n<p>\u25aa W dniach 30.06\u201306.07.2023 r. odby\u0142a si\u0119 letnia sesja TUL w Siemczynie, pod tytu\u0142em \u201eOdkrywanie \u2018dzikiego zachodu\u2019 Pojezierza Drawskiego\u201d, kt\u00f3r\u0105 przygotowa\u0142y: prezes ZK TUL E. Gniazdowska i prezes Ko\u0142a TUL w Z\u0142ocie\u0144cu Anna Dawid-Hryniewicz.<\/p>\n","protected":false},"excerpt":{"rendered":"<p>\u25aa W dniu 17.12.2022 r. zako\u0144czono kilkumiesi\u0119czn\u0105 prac\u0119 i z\u0142o\u017cono wniosek w ramach Programu Wspierania Rozwoju Uniwersytet\u00f3w Ludowych na lata [&hellip;]<\/p>\n","protected":false},"author":1,"featured_media":0,"parent":0,"menu_order":0,"comment_status":"closed","ping_status":"closed","template":"","meta":{"ngg_post_thumbnail":0,"footnotes":""},"class_list":["post-1503","page","type-page","status-publish","hentry"],"_links":{"self":[{"href":"https:\/\/www.tul.org.pl\/wp\/index.php?rest_route=\/wp\/v2\/pages\/1503","targetHints":{"allow":["GET"]}}],"collection":[{"href":"https:\/\/www.tul.org.pl\/wp\/index.php?rest_route=\/wp\/v2\/pages"}],"about":[{"href":"https:\/\/www.tul.org.pl\/wp\/index.php?rest_route=\/wp\/v2\/types\/page"}],"author":[{"embeddable":true,"href":"https:\/\/www.tul.org.pl\/wp\/index.php?rest_route=\/wp\/v2\/users\/1"}],"replies":[{"embeddable":true,"href":"https:\/\/www.tul.org.pl\/wp\/index.php?rest_route=%2Fwp%2Fv2%2Fcomments&post=1503"}],"version-history":[{"count":1,"href":"https:\/\/www.tul.org.pl\/wp\/index.php?rest_route=\/wp\/v2\/pages\/1503\/revisions"}],"predecessor-version":[{"id":1504,"href":"https:\/\/www.tul.org.pl\/wp\/index.php?rest_route=\/wp\/v2\/pages\/1503\/revisions\/1504"}],"wp:attachment":[{"href":"https:\/\/www.tul.org.pl\/wp\/index.php?rest_route=%2Fwp%2Fv2%2Fmedia&parent=1503"}],"curies":[{"name":"wp","href":"https:\/\/api.w.org\/{rel}","templated":true}]}}