{"id":1506,"date":"2024-01-26T18:29:19","date_gmt":"2024-01-26T18:29:19","guid":{"rendered":"https:\/\/www.tul.org.pl\/wp\/?page_id=1506"},"modified":"2024-01-26T18:29:19","modified_gmt":"2024-01-26T18:29:19","slug":"kalendarium-tul-za-okres-od-czerwca-do-grudnia-2023r","status":"publish","type":"page","link":"https:\/\/www.tul.org.pl\/wp\/?page_id=1506","title":{"rendered":"Kalendarium TUL za okres od czerwca do grudnia 2023r."},"content":{"rendered":"\n<p><\/p>\n\n\n\n<ul class=\"wp-block-list\">\n<li>14 czerwca 2023- zako\u0144czenie 20 edycji Wszechnicy TUL w \u0141om\u017cy . Wycieczka edukacyjna dofinansowana&nbsp; ze \u015brodk\u00f3w w ramach projektu \u201eTUL \u0142\u0105czy pokolenia\u201d . Dzia\u0142anie realizowane przez OR TUL w \u0141om\u017cy pod kierunkiem Gabrieli Olsza\u0144skiej<\/li>\n\n\n\n<li>Sierpie\u0144 i wrzesie\u0144 2023 \u2013 opracowanie programu i szczeg\u00f3\u0142\u00f3w organizacyjnych tradycyjnego og\u00f3lnopolskiego spotkania wigilijnego w Wejherowie. Opracowanie kalendarium 30 \u2013 letniej dzia\u0142alno\u015bci OR TUL w K\u0142aninie przez Aldon\u0119 Czerwi\u0144sk\u0105.<\/li>\n\n\n\n<li>Sierpie\u0144 2023 \u2013 opracowanie programu 47&nbsp; Letniej Sesji TUL w Janowie Lubelskim w lipcu 2024. Jadwiga i Tomasz Pietrasowie oraz El\u017cbieta Gniazdowska.<\/li>\n\n\n\n<li>Wrzesie\u0144 \u2013 pa\u017adziernik 2023 \u2013 opracowanie i wydanie kroniki 46 Letniej Sesji TUL w Siemczynie przez Dorot\u0119 \u017bebrowsk\u0105.<\/li>\n\n\n\n<li>Wrzesie\u0144 \u2013 listopad 2023 \u2013 opracowanie i wydanie Kwartalnika TUL nr 3-4\/116\/2023 pod redakcj\u0105 Aldony Czerwi\u0144skiej i Izabeli K\u0119pki.<\/li>\n\n\n\n<li>13 wrze\u015bnia 2023 \u2013 wycieczka&nbsp; do winnicy w ramach dzia\u0142ania \u201eNa winnym szlaku\u201d w projekcie \u201eTUL \u0142\u0105czy pokolenia\u201d . Dzia\u0142anie to realizuje OR TUL w Ko\u017cuchowie z prezesem J\u00f3zefem Rubach\u0105.<\/li>\n\n\n\n<li>27.10.2023r. \u2013 inauguracja 21 edycji Wszechnicy TUL w OR TUL w \u0141om\u017cy.<\/li>\n\n\n\n<li>Wrzesie\u0144 \u2013 grudzie\u0144 2023r. realizacja warsztat\u00f3w&nbsp; w ramach projektu \u201eTUL \u0142\u0105czy pokolenia\u201d :<\/li>\n<\/ul>\n\n\n\n<p>&#8211; warsztaty teatralne \u2013 Ko\u0142o TUL w S\u0142awie , prowadz\u0105ca Urszula Dro\u017cd\u017cy\u0144ska<\/p>\n\n\n\n<p>&#8211; warsztaty filmowe&nbsp; &#8211; OR TUL w \u015aremie, prowadz\u0105cy Wojciech Lisek<\/p>\n\n\n\n<p>&#8211; warsztaty artystyczne i kulinarne = Or TUL w Skierniewicach z\/s w G\u0142uchowie \u2013 odpowiedzialna Dorota Skorzycka- prezes.<\/p>\n\n\n\n<p>* 8 -10.12.2023r&nbsp; zimowe spotkanie wigilijne TUL pt. \u201eBo\u017ce narodzenie na &nbsp;&nbsp;&nbsp;&nbsp;&nbsp;Kaszubach\u201d po\u0142\u0105czone z jubileuszem 30-lecia OR TUL w Gda\u0144sku z\/s w K\u0142aninie. Organizacja i opracowanie programu \u2013 Aldona Czerwi\u0144ska<\/p>\n\n\n\n<p>* Opracowanie sprawozdania z realizacji dzia\u0142a\u0144 w projekcie \u201eTUL \u0142\u0105czy pokolenia\u201d w roku 2023r.<\/p>\n","protected":false},"excerpt":{"rendered":"<p>&#8211; warsztaty teatralne \u2013 Ko\u0142o TUL w S\u0142awie , prowadz\u0105ca Urszula Dro\u017cd\u017cy\u0144ska &#8211; warsztaty filmowe&nbsp; &#8211; OR TUL w \u015aremie, [&hellip;]<\/p>\n","protected":false},"author":1,"featured_media":0,"parent":0,"menu_order":0,"comment_status":"closed","ping_status":"closed","template":"","meta":{"ngg_post_thumbnail":0,"footnotes":""},"class_list":["post-1506","page","type-page","status-publish","hentry"],"_links":{"self":[{"href":"https:\/\/www.tul.org.pl\/wp\/index.php?rest_route=\/wp\/v2\/pages\/1506","targetHints":{"allow":["GET"]}}],"collection":[{"href":"https:\/\/www.tul.org.pl\/wp\/index.php?rest_route=\/wp\/v2\/pages"}],"about":[{"href":"https:\/\/www.tul.org.pl\/wp\/index.php?rest_route=\/wp\/v2\/types\/page"}],"author":[{"embeddable":true,"href":"https:\/\/www.tul.org.pl\/wp\/index.php?rest_route=\/wp\/v2\/users\/1"}],"replies":[{"embeddable":true,"href":"https:\/\/www.tul.org.pl\/wp\/index.php?rest_route=%2Fwp%2Fv2%2Fcomments&post=1506"}],"version-history":[{"count":1,"href":"https:\/\/www.tul.org.pl\/wp\/index.php?rest_route=\/wp\/v2\/pages\/1506\/revisions"}],"predecessor-version":[{"id":1507,"href":"https:\/\/www.tul.org.pl\/wp\/index.php?rest_route=\/wp\/v2\/pages\/1506\/revisions\/1507"}],"wp:attachment":[{"href":"https:\/\/www.tul.org.pl\/wp\/index.php?rest_route=%2Fwp%2Fv2%2Fmedia&parent=1506"}],"curies":[{"name":"wp","href":"https:\/\/api.w.org\/{rel}","templated":true}]}}