{"id":181,"date":"2021-08-10T05:55:12","date_gmt":"2021-08-10T05:55:12","guid":{"rendered":"http:\/\/www.tul.org.pl\/wp\/?page_id=181"},"modified":"2022-10-28T13:11:09","modified_gmt":"2022-10-28T13:11:09","slug":"oddzial-regionalny-tul-w-lomzy","status":"publish","type":"page","link":"https:\/\/www.tul.org.pl\/wp\/?page_id=181","title":{"rendered":"Oddzia\u0142 Regionalny TUL w \u0141om\u017cy"},"content":{"rendered":"\n<p><strong>Oddzia\u0142 Regionalny TUL w \u0141om\u017cy<\/strong><\/p>\n\n\n\n<p>Historia \u0141om\u017cy\u0144skiego Oddzia\u0142u Regionalnego Towarzystwa Uniwersytet\u00f3w Ludowych liczy 31 lat.<\/p>\n\n\n\n<p>Zanim zosta\u0142 powo\u0142any Oddzia\u0142 Regionalny TUL w \u0141om\u017cy, Gabriela Dzieko\u0144ska-Olsza\u0144ska, \u00f3wczesna wizytator Oddzia\u0142u O\u015bwiaty Rolniczej w \u0141om\u017cy, w dniach od 4 do 17 lipca 1988 r. zorganizowa\u0142a w Zespole Szk\u00f3\u0142 Rolniczych w Krzy\u017cewie og\u00f3lnopolsk\u0105 sesj\u0119 Towarzystwa Uniwersytet\u00f3w Ludowych (TUL) dla nauczycieli. Wyb\u00f3r miejsca nie by\u0142 przypadkowy. Szko\u0142a Rolnicza w Krzy\u017cewie powsta\u0142a w 1913 r. z inicjatywy Stefanii Karpowicz, na wz\u00f3r skandynawskich uniwersytet\u00f3w ludowych.<\/p>\n\n\n\n<p>Zjazd za\u0142o\u017cycielski Oddzia\u0142u Regionalnego TUL w \u0141om\u017cy odby\u0142 si\u0119 10 maja 1990 r. w&nbsp;Zespole Szk\u00f3\u0142 Weterynaryjnych w \u0141om\u017cy. Pierwszym prezesem zosta\u0142a Gabriela Dzieko\u0144ska-Olsza\u0144ska. Pocz\u0105tkowa dzia\u0142alno\u015b\u0107 oddzia\u0142u skierowana by\u0142a przede wszystkim na prac\u0119 z m\u0142odzie\u017c\u0105 szk\u00f3\u0142 rolniczych wojew\u00f3dztwa \u0142om\u017cy\u0144skiego.<\/p>\n\n\n\n<p>W latach 1990-2000 aktywnie dzia\u0142a\u0142y Szkolne Uniwersytety Ludowe (SZUL) w:<\/p>\n\n\n\n<ul class=\"wp-block-list\"><li>Zespole Szk\u00f3\u0142 Rolniczych w Nie\u0107kowie &#8211; pod opiek\u0105 Marii Ostrowskiej,<\/li><li>Zespole Szk\u00f3\u0142 Weterynaryjnych w \u0141om\u017cy &#8211; pod opiek\u0105 El\u017cbiety \u0141upi\u0144skiej oraz<\/li><li>Zespole Szk\u00f3l Rolniczych w Marianowie &#8211; pod opiek\u0105 Gabrieli Olsza\u0144skiej.<\/li><\/ul>\n\n\n\n<p>Wsp\u00f3\u0142praca nawi\u0105zana z Przedstawicielstwem Niemieckiego Zwi\u0105zku Uniwersytet\u00f3w Ludowych (NZUL) w Polsce i uzyskana od nich pomoc finansowa zaowocowa\u0142a powo\u0142aniem Stacjonarnego Uniwersytetu Ludowego (SUL) w Marianowie. W dniu 1 marca 1996 r. odby\u0142o si\u0119 uroczyste otwarcie uniwersytetu z udzia\u0142em \u00f3wczesnego dyrektora NZUL pana Wolfganga Gregera i prezesa Zarz\u0105du Krajowego TUL pana profesora Tadeusza Pilcha. W ramach dzia\u0142alno\u015bci SUL przeprowadzono szereg kurs\u00f3w, seminari\u00f3w i konferencji m.in.:<\/p>\n\n\n\n<ul class=\"wp-block-list\"><li><strong>kursy \u201egin\u0105cych\u201d zawod\u00f3w:<\/strong><ul><li>kowalstwa,<\/li><li>haftu r\u0119cznego,<\/li><li>tkactwa i inne;<\/li><\/ul><\/li><li><strong>kursy daj\u0105ce nowe kwalifikacje:<\/strong><ul><li>komputerowe,<\/li><li>maszynopisania,<\/li><li>obs\u0142ugi kombajnu,<\/li><li>stosowania i konfekcjonowania \u015brodk\u00f3w chemicznych.<\/li><\/ul><\/li><\/ul>\n\n\n\n<p>Uko\u0144czy\u0142o je blisko 400 os\u00f3b.<\/p>\n\n\n\n<p>Odby\u0142y si\u0119 r\u00f3wnie\u017c seminaria og\u00f3lnopolskie:<\/p>\n\n\n\n<ul class=\"wp-block-list\"><li>\u201eRola Rady Szko\u0142y w procesie wychowawczym\u201d (23-25 XI 1996 r.),<\/li><li>\u201eSzko\u0142a wiejska w \u015bwietle reformy o\u015bwiaty\u201d (10-17 VII 1999 r.),<\/li><li>\u201eWigilia u Boryn\u00f3w\u201d (10-12 XII 2001 r.).<\/li><\/ul>\n\n\n\n<p>Dzia\u0142alno\u015b\u0107 SUL trwa\u0142a do 2006 r.<\/p>\n\n\n\n<p><strong>Warsztaty artystyczne dla m\u0142odzie\u017cy szkolnej<\/strong><\/p>\n\n\n\n<p>W latach 2000-2015 w Centrum Kszta\u0142cenia Rolniczego w Marianowie prowadzone by\u0142y warsztaty artystyczne dla m\u0142odzie\u017cy szkolnej pod nazw\u0105 \u201eOdkrywamy zapomniane pi\u0119kno\u201d. Do ko\u0144ca 2009 r. OR TUL w \u0141om\u017cy otrzymywa\u0142 na ich organizacj\u0119 dotacje z&nbsp;Ministerstwa Rolnictwa i&nbsp;Gospodarki \u017bywno\u015bciowej. Od 2010 roku dotacje te zosta\u0142y wstrzymane. Potrzeba kontynuowania warsztat\u00f3w, kt\u00f3re odgrywaj\u0105 du\u017c\u0105 rol\u0119 w procesie dydaktyczno-wychowawczym zmotywowa\u0142y zarz\u0105d Oddzia\u0142u do szukania innych \u017ar\u00f3de\u0142 finansowania. W pozyskaniu funduszy wielkie wsparcie okaza\u0142 nam Heksa Bank Sp\u00f3\u0142dzielczy w Pi\u0105tnicy, Starostwo Powiatowe w \u0141om\u017cy, Rada Rodzic\u00f3w i&nbsp;Dyrekcja Szko\u0142y w Marianowie. Warsztaty realizowane by\u0142y w trzech blokach tematycznych. Uczestnicz\u0105ca w nich m\u0142odzie\u017c poznawa\u0142a zapomniane techniki r\u0119kodzie\u0142a ludowego, uczy\u0142a si\u0119 pie\u015bni ludowych i patriotycznych. Du\u017cym powodzeniem w\u015br\u00f3d m\u0142odzie\u017cy cieszy\u0142y si\u0119 zaj\u0119cia teatralno-obrz\u0119dowe. W ich ramach, dzi\u0119ki talentowi i kreatywno\u015bci nauczycielek Ma\u0142gorzaty Cwaliny i Ma\u0142gorzaty Florczyk powsta\u0142o wiele niezapomnianych ma\u0142ych form teatralnych oraz kreacji aktorskich uczni\u00f3w, mi\u0119dzy innymi:<\/p>\n\n\n\n<p>&#8211; Koncert kol\u0119d<\/p>\n\n\n\n<p>&#8211; Herody,<\/p>\n\n\n\n<p>&#8211; Kiszenie kapusty,<\/p>\n\n\n\n<p>&#8211; Rajby,<\/p>\n\n\n\n<p>&#8211; Pranie,<\/p>\n\n\n\n<p>&#8211; Wigilia u Boryn\u00f3w,<\/p>\n\n\n\n<p>&#8211; Sceny z \u017cycia codziennego wsi kurpiowskiej,<\/p>\n\n\n\n<p>&#8211; Z kagankiem o\u015bwiaty w Taplarach,<\/p>\n\n\n\n<p>&#8211; Igraszki z diab\u0142em,<\/p>\n\n\n\n<p>&#8211; Cz\u0142owiek jest powo\u0142any do \u017cycia,<\/p>\n\n\n\n<p>&#8211; Portret w\u0142asny Polak\u00f3w.<\/p>\n\n\n\n<p>Dorobek artystyczny warsztat\u00f3w prezentowany by\u0142 na forum szko\u0142y, zebraniach rodzic\u00f3w, na Wszechnicy \u201eTulowskie Spotkania\u201d i podczas konferencji nauczycieli. Np. przedstawienie \u201eWigilia u Boryn\u00f3w\u201d u\u015bwietni\u0142o program Og\u00f3lnopolskiej Wigilii TUL, a&nbsp;spektakl \u201eZ wizyt\u0105 u Lutos\u0142awskich\u201d zosta\u0142 wystawiony podczas Og\u00f3lnopolskiego Seminarium pod nazw\u0105 \u201eSpotkajmy si\u0119 w maju nad Narwi\u0105\u201d z okazji X-lecia Wszechnicy \u201eTulowskie Spotkania\u201d.<\/p>\n\n\n\n<p>Prace grupy plastycznej prezentowane by\u0142y w holu szko\u0142y, w formie kilkudniowej wystawy. Grupy wokalne dawa\u0142y koncerty kol\u0119d oraz cz\u0119sto stanowi\u0142y opraw\u0119 wokaln\u0105 r\u00f3\u017cnych imprez szkolnych. W ci\u0105gu tych kilkunastu lat trwania warsztat\u00f3w uczestniczy\u0142o w&nbsp;nich 642 uczni\u00f3w. Po zmianach personalnych na stanowisku dyrektora szko\u0142y, zabrak\u0142o odpowiedniej atmosfery do wsp\u00f3\u0142pracy.<\/p>\n\n\n\n<p><strong>Wszechnica \u201eTulowskie Spotkania\u201d<\/strong><\/p>\n\n\n\n<p>23 wrze\u015bnia 2003 r. na posiedzeniu zarz\u0105du OR TUL w \u0141om\u017cy, na wniosek prezes Gabrieli Olsza\u0144skiej podj\u0119to uchwa\u0142\u0119 o powo\u0142aniu Wszechnicy \u201eTulowskie Spotkania\u201d.Celem jaki przy\u015bwieca\u0142 i nadal przy\u015bwieca dzia\u0142alno\u015bci Wszechnicy jest popularyzacja pi\u0119knej idei UL: <em>\u201ebudzi\u0107 cz\u0142owieka, budzi\u0107 do aktywnego \u017cycia ludzkiej gromady, do poczucia jedno\u015bci cz\u0142owieka dzisiejszego z zagadnieniami \u017cycia cz\u0142owieka dawnego i cz\u0142owieka przysz\u0142ego\u201d.<\/em> Rozpocz\u0119\u0142y si\u0119 intensywne prace przygotowawcze tj.: znalezienie lokalu, wyk\u0142adowc\u00f3w, opracowanie tematyki spotka\u0144. Dzi\u0119ki przychylno\u015bci i serdeczno\u015bci by\u0142ej dyrektor Bursy nr 3 w \u0141om\u017cy, pani S\u0142awomiry Cie\u015blik oraz jej nast\u0119pczyni pani Ewy Matejkowskiej Wszechnica ma zapewnione miejsce spotka\u0144 w \u015bwietlicy bursy.<\/p>\n\n\n\n<p>Pierwsze spotkanie odby\u0142o si\u0119 23 listopada 2003 r. W zaproszeniu napisano: \u201eZapraszamy wszystkich, kt\u00f3rzy chc\u0105 pog\u0142\u0119bi\u0107 swoj\u0105 wiedz\u0119 i rozszerzy\u0107 horyzonty. \u0141\u0105czy nas ciekawo\u015b\u0107 \u015bwiata i ludzi bez wzgl\u0119du na wiek, wykszta\u0142cenie, pogl\u0105dy i zainteresowania. Spotkania maj\u0105 charakter otwarty. Tematyka naszych spotka\u0144 jest r\u00f3\u017cnorodna. Dotyczy g\u0142\u00f3wnie ziemi \u0142om\u017cy\u0144skiej, jej \u015brodowiska przyrodniczego, historii oraz ludzi, kt\u00f3rzy j\u0105 tworzyli i tworz\u0105\u201d.<\/p>\n\n\n\n<p>Z uwagi na brak zewn\u0119trznego wsparcia finansowego dzia\u0142alno\u015b\u0107 Wszechnicy oparta jest na pracy spo\u0142ecznej. W&nbsp;ramach Wszechnicy opr\u00f3cz wyk\u0142ad\u00f3w organizowane s\u0105 r\u00f3wnie\u017c warsztaty artystyczne i wycieczki edukacyjne. W pa\u017adzierniku 2021 r. rozpocz\u0105\u0142 si\u0119 ju\u017c osiemnasty rok dzia\u0142alno\u015bci Wszechnicy.<\/p>\n\n\n\n<p>W czasie 18 lat istnienia Wszechnicy odby\u0142o si\u0119 oko\u0142o 140 spotka\u0144, wyg\u0142oszono 123 wyk\u0142ady. Go\u015bcili u nas naukowcy z uczelni warszawskich, bia\u0142ostockich i \u0142\u00f3dzkich. Priorytetem dla nas jest przede wszystkim zapraszanie ciekawych prelegent\u00f3w z \u0141om\u017cy. Spotkania Wszechnicowe odbywaj\u0105 si\u0119 co trzy, cztery tygodnie, od pa\u017adziernika do czerwca. W ka\u017cdym spotkaniu uczestniczy od 40 do 50 s\u0142uchaczy. \u201eHerbata i ciastko\u201d (finansowane ze sk\u0142adek cz\u0142onkowskich) po ka\u017cdym spotkaniu s\u0105 okazj\u0105 do rozm\u00f3w, nawi\u0105zywania nowych znajomo\u015bci jak r\u00f3wnie\u017c nieoficjalnej pogaw\u0119dki z&nbsp;prelegentem.<\/p>\n\n\n\n<figure class=\"wp-block-image size-full\"><img loading=\"lazy\" decoding=\"async\" width=\"620\" height=\"439\" src=\"https:\/\/www.tul.org.pl\/wp\/wp-content\/uploads\/2021\/12\/tul_l_1.jpg\" alt=\"\" class=\"wp-image-1123\" srcset=\"https:\/\/www.tul.org.pl\/wp\/wp-content\/uploads\/2021\/12\/tul_l_1.jpg 620w, https:\/\/www.tul.org.pl\/wp\/wp-content\/uploads\/2021\/12\/tul_l_1-300x212.jpg 300w\" sizes=\"auto, (max-width: 620px) 100vw, 620px\" \/><figcaption><br>Wyk\u0142ad mgr Tomasza Szyma\u0144skiego z Muzeum Przyrody \u2013<br>Dw\u00f3r Lutos\u0142awskich w Drozdowie wyg\u0142oszony w ramach \u201eTulowskich Spotka\u0144\u201d.<br>Fot. Teofil Grodzki<\/figcaption><\/figure>\n\n\n\n<p>Ka\u017cdego roku w pierwszych dniach stycznia spotkania maj\u0105 charakter szczeg\u00f3lnie uroczysty. Odbywaj\u0105 si\u0119 one w Muzeum Przyrody &#8211; Dw\u00f3r Lutos\u0142awskich w Drozdowie. W programie jest wsp\u00f3lny \u015bpiew kol\u0119d i pie\u015bni, weso\u0142a zabawa przy muzyce i suto zastawionym stole.<\/p>\n\n\n\n<figure class=\"wp-block-image size-large\"><img loading=\"lazy\" decoding=\"async\" width=\"1024\" height=\"768\" src=\"https:\/\/www.tul.org.pl\/wp\/wp-content\/uploads\/2021\/12\/tul_l_2-1024x768.jpg\" alt=\"\" class=\"wp-image-1124\" srcset=\"https:\/\/www.tul.org.pl\/wp\/wp-content\/uploads\/2021\/12\/tul_l_2-1024x768.jpg 1024w, https:\/\/www.tul.org.pl\/wp\/wp-content\/uploads\/2021\/12\/tul_l_2-300x225.jpg 300w, https:\/\/www.tul.org.pl\/wp\/wp-content\/uploads\/2021\/12\/tul_l_2-768x576.jpg 768w, https:\/\/www.tul.org.pl\/wp\/wp-content\/uploads\/2021\/12\/tul_l_2.jpg 1058w\" sizes=\"auto, (max-width: 1024px) 100vw, 1024px\" \/><figcaption><br>Koncert kol\u0119d podczas noworocznego spotkania w Muzeum Przyrody \u2013 Dw\u00f3r<br>Lustos\u0142awskich w Drozdowie. Fot. \u0141ucja Karolczuk<\/figcaption><\/figure>\n\n\n\n<figure class=\"wp-block-image size-full\"><img loading=\"lazy\" decoding=\"async\" width=\"970\" height=\"727\" src=\"https:\/\/www.tul.org.pl\/wp\/wp-content\/uploads\/2021\/12\/tul_l_3.jpg\" alt=\"\" class=\"wp-image-1125\" srcset=\"https:\/\/www.tul.org.pl\/wp\/wp-content\/uploads\/2021\/12\/tul_l_3.jpg 970w, https:\/\/www.tul.org.pl\/wp\/wp-content\/uploads\/2021\/12\/tul_l_3-300x225.jpg 300w, https:\/\/www.tul.org.pl\/wp\/wp-content\/uploads\/2021\/12\/tul_l_3-768x576.jpg 768w\" sizes=\"auto, (max-width: 970px) 100vw, 970px\" \/><figcaption><br>Co wybra\u0107? St\u00f3\u0142 przygotowany na noworoczne spotkanie s\u0142uchaczy<br>\u201eTulowskich Spotka\u0144\u201d w Muzeum Przyrody w Drozdowie. Fot. J. S.<\/figcaption><\/figure>\n\n\n\n<p>Opr\u00f3cz wyk\u0142ad\u00f3w w ramach Wszechnicy prowadzone s\u0105 warsztaty z r\u0119kodzie\u0142a artystycznego i warsztaty wokalne. Na warsztatach z r\u0119kodzie\u0142a poznano wiele technik, m.in.:<\/p>\n\n\n\n<p>&#8211; wyrob\u00f3w ceramicznych<\/p>\n\n\n\n<p>&#8211; wykonywania decupage<\/p>\n\n\n\n<p>&#8211; filcowania we\u0142ny<\/p>\n\n\n\n<p>&#8211; malowania na szkle<\/p>\n\n\n\n<p>&#8211; wykonywania bi\u017cuterii z koralik\u00f3w TOHO<\/p>\n\n\n\n<p>Dorobek artystyczny warsztat\u00f3w prezentowany jest na wystawach w czasie spotka\u0144 wszechnicowych.<\/p>\n\n\n\n<figure class=\"wp-block-image size-large\"><img loading=\"lazy\" decoding=\"async\" width=\"1024\" height=\"635\" src=\"https:\/\/www.tul.org.pl\/wp\/wp-content\/uploads\/2021\/12\/tul_l_4-1024x635.jpg\" alt=\"\" class=\"wp-image-1126\" srcset=\"https:\/\/www.tul.org.pl\/wp\/wp-content\/uploads\/2021\/12\/tul_l_4-1024x635.jpg 1024w, https:\/\/www.tul.org.pl\/wp\/wp-content\/uploads\/2021\/12\/tul_l_4-300x186.jpg 300w, https:\/\/www.tul.org.pl\/wp\/wp-content\/uploads\/2021\/12\/tul_l_4-768x476.jpg 768w, https:\/\/www.tul.org.pl\/wp\/wp-content\/uploads\/2021\/12\/tul_l_4.jpg 1097w\" sizes=\"auto, (max-width: 1024px) 100vw, 1024px\" \/><figcaption><br>Prezentacja prac na szkle malowanych. Fot. Teofil Grodzki<\/figcaption><\/figure>\n\n\n\n<figure class=\"wp-block-image size-large\"><img loading=\"lazy\" decoding=\"async\" width=\"1024\" height=\"768\" src=\"https:\/\/www.tul.org.pl\/wp\/wp-content\/uploads\/2021\/12\/tul_l_5-1024x768.jpg\" alt=\"\" class=\"wp-image-1127\" srcset=\"https:\/\/www.tul.org.pl\/wp\/wp-content\/uploads\/2021\/12\/tul_l_5-1024x768.jpg 1024w, https:\/\/www.tul.org.pl\/wp\/wp-content\/uploads\/2021\/12\/tul_l_5-300x225.jpg 300w, https:\/\/www.tul.org.pl\/wp\/wp-content\/uploads\/2021\/12\/tul_l_5-768x576.jpg 768w, https:\/\/www.tul.org.pl\/wp\/wp-content\/uploads\/2021\/12\/tul_l_5.jpg 1059w\" sizes=\"auto, (max-width: 1024px) 100vw, 1024px\" \/><figcaption><br>Warsztaty ceramiczne. Fot. Teofil Grodzki<\/figcaption><\/figure>\n\n\n\n<p>Program warsztat\u00f3w wokalnych obejmowa\u0142 nauk\u0119 pie\u015bni i piosenek ludowych i innych okazjonalnych. Warsztaty zaowocowa\u0142y powstaniem grupy \u015bpiewaczej \u201ePtasiory\u201d. Repertuar wokalny prezentowany by\u0142 na Og\u00f3lnopolskiej Sesji TUL 2019 oraz na spotkaniach noworocznych w muzeum w Drozdowie.<\/p>\n\n\n\n<p>Jedn\u0105 z ciekawszych i atrakcyjnych form pracy wszechnicy s\u0105 coroczne, zazwyczaj jednodniowe wycieczki edukacyjne:<\/p>\n\n\n\n<p>* <em>Poznajemy Bagna Biebrza\u0144skie<\/em><\/p>\n\n\n\n<p><em>* Bia\u0142ystok jakiego nie znamy<\/em><\/p>\n\n\n\n<p><em>* \u0141om\u017cy\u0144ski Park Krajobrazowy Doliny Narwi<\/em><\/p>\n\n\n\n<p><em>* Szlakiem pogranicza kultur i religii (Supra\u015bl, Bohoniki, Kruszyniany)<\/em><\/p>\n\n\n\n<p><em>* Poznajemy historii,e Mazowsza (Opinog\u00f3ra, Ciechan\u00f3w, Go\u0142otczyzna)<\/em><\/p>\n\n\n\n<p><em>* Tykocin, Pentowo \u2013 Europejska Wioska Bociania<\/em><\/p>\n\n\n\n<p><em>* Krasnogruda \u2013 Centrum Kultury Pogranicza \u2013 \u015bladami Czes\u0142awa Mi\u0142osza<\/em><\/p>\n\n\n\n<p><em>* Tatarskim szlakiem<\/em><\/p>\n\n\n\n<p><em>* Pu\u0142tusk &#8211; miasto nad Narwi\u0105<\/em><\/p>\n\n\n\n<p><em>* Gi\u017cycko \u2013 urok mazurskich jezior<\/em><\/p>\n\n\n\n<p><em>* Rajgr\u00f3d \u2013 Osowiec &#8211; radosne spotkanie \u201epo covidzie\u201d.<\/em><\/p>\n\n\n\n<figure class=\"wp-block-image size-large\"><img loading=\"lazy\" decoding=\"async\" width=\"1024\" height=\"749\" src=\"https:\/\/www.tul.org.pl\/wp\/wp-content\/uploads\/2021\/12\/tul_l_6-1024x749.jpg\" alt=\"\" class=\"wp-image-1128\" srcset=\"https:\/\/www.tul.org.pl\/wp\/wp-content\/uploads\/2021\/12\/tul_l_6-1024x749.jpg 1024w, https:\/\/www.tul.org.pl\/wp\/wp-content\/uploads\/2021\/12\/tul_l_6-300x219.jpg 300w, https:\/\/www.tul.org.pl\/wp\/wp-content\/uploads\/2021\/12\/tul_l_6-768x562.jpg 768w, https:\/\/www.tul.org.pl\/wp\/wp-content\/uploads\/2021\/12\/tul_l_6.jpg 1095w\" sizes=\"auto, (max-width: 1024px) 100vw, 1024px\" \/><figcaption><br>Wycieczka do Krasnogrudy \u2013 Dworu, w kt\u00f3rym przebywa\u0142 Czes\u0142aw Mi\u0142osz.<br>Fot. \u0141ucja Karolczuk<\/figcaption><\/figure>\n\n\n\n<p>Rok 2013 w dziejach Wszechnicy by\u0142 rokiem szczeg\u00f3lnym, poniewa\u017c \u015bwi\u0119towali\u015bmy jej dziesi\u0119ciolecie. Z tej okazji zosta\u0142o przygotowane trzydniowe seminarium w dniach 2-5 maja, pod nazw\u0105 \u201eSpotkajmy si\u0119 w maju nad Narwi\u0105\u201d. W seminarium uczestniczyli cz\u0142onkowie TUL z ca\u0142ej Polski. Bogaty program, pi\u0119kna pogoda, cudowny widok rozlanej po horyzont Narwi, spektakl teatralny m\u0142odzie\u017cy CKR w Marianowie wystawiony w Muzeum Przyrody w&nbsp;Drozdowie pt. \u201eZ&nbsp;wizyt\u0105 u Lutos\u0142awskich\u201d pozostawi\u0142 w pami\u0119ci go\u015bci niezatarty \u015blad.<\/p>\n\n\n\n<p><strong>Wsp\u00f3\u0142praca z instytucjami i organizacjami oraz finansowanie<\/strong><\/p>\n\n\n\n<p>Najd\u0142u\u017csza i najtrwalsza wsp\u00f3\u0142praca \u0142\u0105czy OR TUL w \u0141om\u017cy z Burs\u0105 numer 3. Dzi\u0119ki Dyrekcji i Radzie Pedagogicznej mo\u017cliwe by\u0142o rozpocz\u0119cie dzia\u0142alno\u015bci Wszechnicy \u201eTulowskie Spotkania\u201d. Do tej pory, przez 18 lat czujemy si\u0119 tu \u201ejak u pana Boga za piecem\u201d.<\/p>\n\n\n\n<p>Od lat bardzo dobrze uk\u0142ada si\u0119 nam wsp\u00f3\u0142praca z Muzeum Przyrody \u2013 Dw\u00f3r Lutos\u0142awskich w Drozdowie.<\/p>\n\n\n\n<p>Du\u017ce wsparcie finansowe i organizacyjne w ramach r\u00f3\u017cnych projekt\u00f3w otrzymujemy od Starostwa Powiatowego w \u0141om\u017cy.<\/p>\n\n\n\n<p>W 2016 r. nawi\u0105zali\u015bmy kontakty z Uniwersytetem w Bia\u0142ymstoku, zapraszaj\u0105c naukowc\u00f3w na wyk\u0142ady. Da\u0142o to pocz\u0105tek dalszej wsp\u00f3\u0142pracy oraz zaproponowaniem uczestnikom Wszechnicy udzia\u0142u w projekcie uniwersyteckim \u201eAkademia Trzeciego Wieku\u201d.<\/p>\n\n\n\n<p>Dobrze nam si\u0119 uk\u0142ada wsp\u00f3\u0142praca z Towarzystwem Historycznym im. Wag\u00f3w w \u0141om\u017cy, Fundacj\u0105 Sztuki i Dialogu w Jedwabnem, Muzeum P\u00f3\u0142nocno-Mazowieckim w \u0141om\u017cy, Hexa Bankiem Sp\u00f3\u0142dzielczym w Pi\u0105tnicy oraz mediami \u0142om\u017cy\u0144skimi \u2013 portalem \u201e4\u0141om\u017ca\u201d, Diecezjalnym Radiem Nadzieja oraz TV Narew.<\/p>\n\n\n\n<p>Cz\u0142onkowie oddzia\u0142u napisali szereg artyku\u0142\u00f3w do kwartalnika \u201ePolski Uniwersytet Ludowy. M\u0142odzie\u017c &#8211; Kultura &#8211; Wie\u015b\u201d.<\/p>\n\n\n\n<p>Podstaw\u0105 naszej dzia\u0142alno\u015b\u0107 jest praca spo\u0142eczna. Niezb\u0119dne \u015brodki finansowe staramy si\u0119 pozyskiwa\u0107 z r\u00f3\u017cnych \u017ar\u00f3de\u0142. Wspieraj\u0105 nas finansowo:<\/p>\n\n\n\n<p>* Starostwa Powiatowego w \u0141om\u017cy \u2013 dotacje na wielokrotnie sk\u0142adane projekty \u201e<em>Z\u0142oty wiek ciekawy i radosny\u201d; <\/em>projekt seminarium<em> \u2013 \u201eSpotkajmy si\u0119 w maju nad Narwi\u0105\u201d;<\/em><\/p>\n\n\n\n<p>* Hexa Bank Sp\u00f3\u0142dzielczy w Pi\u0105tnicy,<\/p>\n\n\n\n<p>* Rada Rodzic\u00f3w i Dyrekcja Centrum Kszta\u0142cenia Rolniczego w Marianowie,<\/p>\n\n\n\n<p>* darowizny os\u00f3b prywatnych,<\/p>\n\n\n\n<p>* sk\u0142adki uczestnik\u00f3w Wszechnicy.<\/p>\n\n\n\n<p>W 2019 r. w dniach od 3 do 11 sierpnia OR TUL w \u0141om\u017cy by\u0142 po raz trzeci by\u0142 organizatorem Og\u00f3lnopolskiej Sesji Towarzystwa Uniwersytet\u00f3w Ludowych pod nazw\u0105 \u201eZiemia \u0141om\u017cy\u0144ska \u2013 moja ma\u0142a ojczyzna\u201d. Relacje z tej sesji s\u0105 umieszczone w kronice na stronie internetowej TUL.<\/p>\n\n\n\n<p>***<\/p>\n\n\n\n<p>W roku 2021 Oddzia\u0142 Regionalny TUL w \u0141om\u017cy liczy 59 cz\u0142onk\u00f3w.<\/p>\n\n\n\n<p>W sk\u0142ad Zarz\u0105du wchodz\u0105:<\/p>\n\n\n\n<p>Prezes \u2013 Gabriela Dzieko\u0144ska-Olsza\u0144ska<\/p>\n\n\n\n<p>V-ce Prezes \u2013 Teofil Grodzki<\/p>\n\n\n\n<p>Skarbnik \u2013 Bo\u017cena Smakowska<\/p>\n\n\n\n<p>Sekretarz \u2013 Stanis\u0142awa Malinowska<\/p>\n\n\n\n<p>Cz\u0142onek \u2013 \u0141ucja Karolczuk<\/p>\n\n\n\n<p>Cz\u0142onek \u2013 Mieczys\u0142aw Brzezicki<\/p>\n\n\n\n<p><strong>Gabriela Olsza\u0144ska &#8211;<\/strong> prezes OR TUL \u0141om\u017ca<\/p>\n\n\n\n<div class=\"wp-block-file\"><a id=\"wp-block-file--media-f0697a79-ea09-4c77-8f41-4f7029c01a67\" href=\"https:\/\/www.tul.org.pl\/wp\/wp-content\/uploads\/2021\/10\/popr.-Harmonogram-spotkan-TUL-2021_2022-1.pdf\">Harmonogram spotka\u0144 TUL-2021_2022<\/a><a href=\"https:\/\/www.tul.org.pl\/wp\/wp-content\/uploads\/2021\/10\/popr.-Harmonogram-spotkan-TUL-2021_2022-1.pdf\" class=\"wp-block-file__button\" download aria-describedby=\"wp-block-file--media-f0697a79-ea09-4c77-8f41-4f7029c01a67\">Pobierz<\/a><\/div>\n\n\n\n<p><\/p>\n\n\n\n<p><strong>Wystartowa\u0142y Tulowskie spotkania <\/strong>&#8211; wi\u0119cej informacji na stronie <br><a href=\"https:\/\/www.4lomza.pl\/index.php?wiad=60697\">https:\/\/www.4lomza.pl\/index.php?wiad=60697<\/a><\/p>\n\n\n\n<div data-wp-interactive=\"core\/file\" class=\"wp-block-file\"><object data-wp-bind--hidden=\"!state.hasPdfPreview\" hidden class=\"wp-block-file__embed\" data=\"https:\/\/www.tul.org.pl\/wp\/wp-content\/uploads\/2022\/10\/Harmonogram-spotkan-TUL-2022-2023.pdf\" type=\"application\/pdf\" style=\"width:100%;height:1188px\" aria-label=\"Osadzone z Osadzone z Harmonogram-spotkan-TUL-2022-2023..\"><\/object><a id=\"wp-block-file--media-63398dd1-ae6e-4c99-9d29-759d9b13d8d5\" href=\"https:\/\/www.tul.org.pl\/wp\/wp-content\/uploads\/2022\/10\/Harmonogram-spotkan-TUL-2022-2023.pdf\">Harmonogram-spotkan-TUL-2022-2023<\/a><a href=\"https:\/\/www.tul.org.pl\/wp\/wp-content\/uploads\/2022\/10\/Harmonogram-spotkan-TUL-2022-2023.pdf\" class=\"wp-block-file__button\" download aria-describedby=\"wp-block-file--media-63398dd1-ae6e-4c99-9d29-759d9b13d8d5\">Pobierz<\/a><\/div>\n","protected":false},"excerpt":{"rendered":"<p>Oddzia\u0142 Regionalny TUL w \u0141om\u017cy Historia \u0141om\u017cy\u0144skiego Oddzia\u0142u Regionalnego Towarzystwa Uniwersytet\u00f3w Ludowych liczy 31 lat. Zanim zosta\u0142 powo\u0142any Oddzia\u0142 Regionalny [&hellip;]<\/p>\n","protected":false},"author":1,"featured_media":0,"parent":0,"menu_order":0,"comment_status":"closed","ping_status":"closed","template":"","meta":{"ngg_post_thumbnail":0,"footnotes":""},"class_list":["post-181","page","type-page","status-publish","hentry"],"_links":{"self":[{"href":"https:\/\/www.tul.org.pl\/wp\/index.php?rest_route=\/wp\/v2\/pages\/181","targetHints":{"allow":["GET"]}}],"collection":[{"href":"https:\/\/www.tul.org.pl\/wp\/index.php?rest_route=\/wp\/v2\/pages"}],"about":[{"href":"https:\/\/www.tul.org.pl\/wp\/index.php?rest_route=\/wp\/v2\/types\/page"}],"author":[{"embeddable":true,"href":"https:\/\/www.tul.org.pl\/wp\/index.php?rest_route=\/wp\/v2\/users\/1"}],"replies":[{"embeddable":true,"href":"https:\/\/www.tul.org.pl\/wp\/index.php?rest_route=%2Fwp%2Fv2%2Fcomments&post=181"}],"version-history":[{"count":15,"href":"https:\/\/www.tul.org.pl\/wp\/index.php?rest_route=\/wp\/v2\/pages\/181\/revisions"}],"predecessor-version":[{"id":1442,"href":"https:\/\/www.tul.org.pl\/wp\/index.php?rest_route=\/wp\/v2\/pages\/181\/revisions\/1442"}],"wp:attachment":[{"href":"https:\/\/www.tul.org.pl\/wp\/index.php?rest_route=%2Fwp%2Fv2%2Fmedia&parent=181"}],"curies":[{"name":"wp","href":"https:\/\/api.w.org\/{rel}","templated":true}]}}