{"id":24,"date":"2021-04-19T12:30:32","date_gmt":"2021-04-19T12:30:32","guid":{"rendered":"http:\/\/www.tul.org.pl\/wp\/?page_id=24"},"modified":"2021-08-18T14:45:30","modified_gmt":"2021-08-18T14:45:30","slug":"kontakt","status":"publish","type":"page","link":"https:\/\/www.tul.org.pl\/wp\/?page_id=24","title":{"rendered":"Kontakt"},"content":{"rendered":"\n<p><strong>Towarzystwo Uniwersytet\u00f3w Ludowych<\/strong><\/p>\n\n\n\n<p>ul. Erazma Cio\u0142ka 15<br>00-924 Warszawa<\/p>\n\n\n\n<p>KRS: 0000032955<br>REGON: 001238459<br>NIP: 526-02-51-925<\/p>\n\n\n\n<p>Prezes Zarz\u0105du Krajowego TUL<br>El\u017cbieta Gniazdowska<\/p>\n\n\n\n<p>tel. 603 864 337<br>e-mail: <a href=\"mailto:elagn@wp.pl?Subject=Kontakt%20z%20www.tul.org.pl\">tul.gniazdowskae@gmail.com<\/a><\/p>\n\n\n\n<p><\/p>\n","protected":false},"excerpt":{"rendered":"<p>Towarzystwo Uniwersytet\u00f3w Ludowych ul. Erazma Cio\u0142ka 1500-924 Warszawa KRS: 0000032955REGON: 001238459NIP: 526-02-51-925 Prezes Zarz\u0105du Krajowego TULEl\u017cbieta Gniazdowska tel. 603 864 [&hellip;]<\/p>\n","protected":false},"author":1,"featured_media":0,"parent":0,"menu_order":0,"comment_status":"closed","ping_status":"closed","template":"","meta":{"ngg_post_thumbnail":0,"footnotes":""},"class_list":["post-24","page","type-page","status-publish","hentry"],"_links":{"self":[{"href":"https:\/\/www.tul.org.pl\/wp\/index.php?rest_route=\/wp\/v2\/pages\/24","targetHints":{"allow":["GET"]}}],"collection":[{"href":"https:\/\/www.tul.org.pl\/wp\/index.php?rest_route=\/wp\/v2\/pages"}],"about":[{"href":"https:\/\/www.tul.org.pl\/wp\/index.php?rest_route=\/wp\/v2\/types\/page"}],"author":[{"embeddable":true,"href":"https:\/\/www.tul.org.pl\/wp\/index.php?rest_route=\/wp\/v2\/users\/1"}],"replies":[{"embeddable":true,"href":"https:\/\/www.tul.org.pl\/wp\/index.php?rest_route=%2Fwp%2Fv2%2Fcomments&post=24"}],"version-history":[{"count":4,"href":"https:\/\/www.tul.org.pl\/wp\/index.php?rest_route=\/wp\/v2\/pages\/24\/revisions"}],"predecessor-version":[{"id":1070,"href":"https:\/\/www.tul.org.pl\/wp\/index.php?rest_route=\/wp\/v2\/pages\/24\/revisions\/1070"}],"wp:attachment":[{"href":"https:\/\/www.tul.org.pl\/wp\/index.php?rest_route=%2Fwp%2Fv2%2Fmedia&parent=24"}],"curies":[{"name":"wp","href":"https:\/\/api.w.org\/{rel}","templated":true}]}}