{"id":29,"date":"2021-04-19T12:34:15","date_gmt":"2021-04-19T12:34:15","guid":{"rendered":"http:\/\/www.tul.org.pl\/wp\/?page_id=29"},"modified":"2021-08-19T12:03:12","modified_gmt":"2021-08-19T12:03:12","slug":"zarzad-krajowy-tul","status":"publish","type":"page","link":"https:\/\/www.tul.org.pl\/wp\/?page_id=29","title":{"rendered":"W\u0142adze"},"content":{"rendered":"\n<h2 class=\"wp-block-heading\"><strong>Zarz\u0105d Krajowy TUL<\/strong><\/h2>\n\n\n\n<h2 class=\"wp-block-heading\">El\u017cbieta Gniazdowska &#8211; prezes<\/h2>\n\n\n\n<ol class=\"wp-block-list\"><li>S\u0142awomir Juszczyk &#8211; wiceprezes <\/li><li>Dorota \u017bebrowska &#8211; wiceprezes<\/li><li>Urszula Dro\u017cd\u017cy\u0144ska sekretarz<\/li><li>Cezary Piotrowski &#8211; skarbnik<\/li><li>Janusz Taciak &#8211; cz\u0142onek zarz\u0105du<\/li><li>Miros\u0142awa Bednarzak &#8211; Libera &#8211; cz\u0142onek zarz\u0105du<\/li><li>Janina Tomczyk &#8211; cz\u0142onek zarz\u0105du<\/li><\/ol>\n\n\n\n<h2 class=\"wp-block-heading\"><strong>G\u0142\u00f3wna komisja rewizyjna<\/strong><\/h2>\n\n\n\n<ol class=\"wp-block-list\"><li>Jan Kaczmarek &#8211; przewodnicz\u0105cy<\/li><li>Miros\u0142awa Brzezi\u0144ska &#8211; cz\u0142onek<\/li><li>Roman Szyd\u0142owski &#8211; cz\u0142onek<\/li><\/ol>\n\n\n\n<h2 class=\"wp-block-heading\"><strong>G\u0142\u00f3wny s\u0105d kole\u017ce\u0144ski<\/strong><\/h2>\n\n\n\n<p>1. Weronika Marianna Wiel\u0105dek &#8211; przewodnicz\u0105cy<br>2. Teresa Kulesza &#8211; cz\u0142onek<br>3. Jan Bloch &#8211; cz\u0142onek<\/p>\n\n\n\n<p><\/p>\n","protected":false},"excerpt":{"rendered":"<p>Zarz\u0105d Krajowy TUL El\u017cbieta Gniazdowska &#8211; prezes S\u0142awomir Juszczyk &#8211; wiceprezes Dorota \u017bebrowska &#8211; wiceprezes Urszula Dro\u017cd\u017cy\u0144ska sekretarz Cezary Piotrowski [&hellip;]<\/p>\n","protected":false},"author":1,"featured_media":0,"parent":0,"menu_order":0,"comment_status":"closed","ping_status":"closed","template":"","meta":{"ngg_post_thumbnail":0,"footnotes":""},"class_list":["post-29","page","type-page","status-publish","hentry"],"_links":{"self":[{"href":"https:\/\/www.tul.org.pl\/wp\/index.php?rest_route=\/wp\/v2\/pages\/29","targetHints":{"allow":["GET"]}}],"collection":[{"href":"https:\/\/www.tul.org.pl\/wp\/index.php?rest_route=\/wp\/v2\/pages"}],"about":[{"href":"https:\/\/www.tul.org.pl\/wp\/index.php?rest_route=\/wp\/v2\/types\/page"}],"author":[{"embeddable":true,"href":"https:\/\/www.tul.org.pl\/wp\/index.php?rest_route=\/wp\/v2\/users\/1"}],"replies":[{"embeddable":true,"href":"https:\/\/www.tul.org.pl\/wp\/index.php?rest_route=%2Fwp%2Fv2%2Fcomments&post=29"}],"version-history":[{"count":9,"href":"https:\/\/www.tul.org.pl\/wp\/index.php?rest_route=\/wp\/v2\/pages\/29\/revisions"}],"predecessor-version":[{"id":1091,"href":"https:\/\/www.tul.org.pl\/wp\/index.php?rest_route=\/wp\/v2\/pages\/29\/revisions\/1091"}],"wp:attachment":[{"href":"https:\/\/www.tul.org.pl\/wp\/index.php?rest_route=%2Fwp%2Fv2%2Fmedia&parent=29"}],"curies":[{"name":"wp","href":"https:\/\/api.w.org\/{rel}","templated":true}]}}