{"id":525,"date":"2021-08-10T11:09:00","date_gmt":"2021-08-10T11:09:00","guid":{"rendered":"http:\/\/www.tul.org.pl\/wp\/?page_id=525"},"modified":"2021-08-10T19:04:15","modified_gmt":"2021-08-10T19:04:15","slug":"witamy","status":"publish","type":"page","link":"https:\/\/www.tul.org.pl\/wp\/","title":{"rendered":"Witamy"},"content":{"rendered":"\n<p>Pom\u00f3c cz\u0142owiekowi my\u015bl\u0105cemu, aby znalaz\u0142 swego istnienia cel, swego \u017cycia gwiazd\u0119 i w\u0142asn\u0105 drog\u0119; pom\u00f3c cz\u0142owiekowi, aby wypracowana przeze\u0144 idea \u017cycia by\u0142a nie ino w g\u0142owie, w widzeniu, w rozumieniu, ale przede wszystkim we w\u0142asnej jego krwi, w ca\u0142ym uczuciu, na ka\u017cdym kroku, aby by\u0142a \u017cyw\u0105, uciele\u015bniaj\u0105c\u0105 si\u0119 prawd\u0105, a nie k\u0142amstwem i oszukiwaniem siebie i drugich, rozbie\u017cn\u0105 miedzy s\u0142owem i wiedz\u0105, a \u017cyciem: pom\u00f3c cz\u0142owiekowi, aby znalaz\u0142 w sobie i wydoby\u0142 z siebie mo\u017cliwo\u015bci tw\u00f3rcze&#8221;.<br><br>Ignacy Solarz, 1931 r.<br><br><br>Drogi Go\u015bciu. Witamy Ci\u0119 na stronie Towarzystwa Uniwersytet\u00f3w Ludowych s\u0142owami Ignacego Solarza, kt\u00f3re to dla nas &#8211; cz\u0142onk\u00f3w TUL s\u0105 drogowskazem w dzia\u0142aniu na rzecz swoich w\u0142asnych \u015brodowisk. Przegl\u0105daj\u0105c nasz\u0105 stron\u0119 znajdziesz nasze dokumenty programowe, statut i informacj\u0119 o pracy poszczeg\u00f3lnych oddzia\u0142\u00f3w jak r\u00f3wnie\u017c Zarz\u0105du Krajowego.<br><br><br>Zapraszamy<br>El\u017cbieta Gniazdowska, Prezes ZK TUL <\/p>\n","protected":false},"excerpt":{"rendered":"<p>Pom\u00f3c cz\u0142owiekowi my\u015bl\u0105cemu, aby znalaz\u0142 swego istnienia cel, swego \u017cycia gwiazd\u0119 i w\u0142asn\u0105 drog\u0119; pom\u00f3c cz\u0142owiekowi, aby wypracowana przeze\u0144 idea [&hellip;]<\/p>\n","protected":false},"author":1,"featured_media":0,"parent":0,"menu_order":0,"comment_status":"closed","ping_status":"closed","template":"","meta":{"ngg_post_thumbnail":0,"footnotes":""},"class_list":["post-525","page","type-page","status-publish","hentry"],"_links":{"self":[{"href":"https:\/\/www.tul.org.pl\/wp\/index.php?rest_route=\/wp\/v2\/pages\/525","targetHints":{"allow":["GET"]}}],"collection":[{"href":"https:\/\/www.tul.org.pl\/wp\/index.php?rest_route=\/wp\/v2\/pages"}],"about":[{"href":"https:\/\/www.tul.org.pl\/wp\/index.php?rest_route=\/wp\/v2\/types\/page"}],"author":[{"embeddable":true,"href":"https:\/\/www.tul.org.pl\/wp\/index.php?rest_route=\/wp\/v2\/users\/1"}],"replies":[{"embeddable":true,"href":"https:\/\/www.tul.org.pl\/wp\/index.php?rest_route=%2Fwp%2Fv2%2Fcomments&post=525"}],"version-history":[{"count":4,"href":"https:\/\/www.tul.org.pl\/wp\/index.php?rest_route=\/wp\/v2\/pages\/525\/revisions"}],"predecessor-version":[{"id":554,"href":"https:\/\/www.tul.org.pl\/wp\/index.php?rest_route=\/wp\/v2\/pages\/525\/revisions\/554"}],"wp:attachment":[{"href":"https:\/\/www.tul.org.pl\/wp\/index.php?rest_route=%2Fwp%2Fv2%2Fmedia&parent=525"}],"curies":[{"name":"wp","href":"https:\/\/api.w.org\/{rel}","templated":true}]}}